{"id":20539,"date":"2018-02-27T08:57:12","date_gmt":"2018-02-27T13:57:12","guid":{"rendered":"http:\/\/www.usq.ca\/?page_id=20539"},"modified":"2022-07-06T10:07:48","modified_gmt":"2022-07-06T14:07:48","slug":"blowing-wool","status":"publish","type":"page","link":"https:\/\/www.usq.ca\/en\/blowing-wool\/","title":{"rendered":"Blowing wool"},"content":{"rendered":"<p>[et_pb_section fb_built=&#8221;1&#8243; fullwidth=&#8221;on&#8221; module_id=&#8221;bannerInterne&#8221; _builder_version=&#8221;4.16&#8243; background_image=&#8221;https:\/\/www.usq.ca\/wp-content\/uploads\/2017\/12\/isolation-du-grenier.jpg&#8221; da_disable_devices=&#8221;off|off|off&#8221; global_colors_info=&#8221;{}&#8221; da_is_popup=&#8221;off&#8221; da_exit_intent=&#8221;off&#8221; da_has_close=&#8221;on&#8221; da_alt_close=&#8221;off&#8221; da_dark_close=&#8221;off&#8221; da_not_modal=&#8221;on&#8221; da_is_singular=&#8221;off&#8221; da_with_loader=&#8221;off&#8221; da_has_shadow=&#8221;on&#8221;][\/et_pb_section][et_pb_section fb_built=&#8221;1&#8243; _builder_version=&#8221;4.16&#8243; da_disable_devices=&#8221;off|off|off&#8221; global_colors_info=&#8221;{}&#8221; da_is_popup=&#8221;off&#8221; da_exit_intent=&#8221;off&#8221; da_has_close=&#8221;on&#8221; da_alt_close=&#8221;off&#8221; da_dark_close=&#8221;off&#8221; da_not_modal=&#8221;on&#8221; da_is_singular=&#8221;off&#8221; da_with_loader=&#8221;off&#8221; da_has_shadow=&#8221;on&#8221;][et_pb_row _builder_version=&#8221;4.16&#8243; background_size=&#8221;initial&#8221; background_position=&#8221;top_left&#8221; background_repeat=&#8221;repeat&#8221; global_colors_info=&#8221;{}&#8221;][et_pb_column type=&#8221;4_4&#8243; _builder_version=&#8221;4.16&#8243; custom_padding=&#8221;|||&#8221; global_colors_info=&#8221;{}&#8221; custom_padding__hover=&#8221;|||&#8221;][et_pb_text _builder_version=&#8221;4.16&#8243; global_colors_info=&#8221;{}&#8221;]<\/p>\n<h1>Blowing wool | Cellulose insulation<\/h1>\n<h2>Made from natural fibers<\/h2>\n<p><strong>Blowing wool<\/strong> is a bulk cellulose acoustic and thermal insulation that is made from recycled paper fibers that is sprayed on. The resulting fiber is entirely natural in origin, which means it does not cause pollution and does not cause any irritation. It can be applied during the construction of a new building, or during the renovation of an existing building. Blowing wool (cellulose fiber) is a particularly effective and versatile solution to fight heat or air loss, reduce heating costs and much more. <strong>Cellulose insulation<\/strong> can be applied in both new and existing buildings, and is suitable for all types of residential, commercial, industrial and agricultural buildings. <strong>Cellulose<\/strong> fiber is an effective solution to the following problems:<\/p>\n<ul>\n<li>Heat loss in winter<\/li>\n<li>Accumulation of ice on the roof<\/li>\n<li>Premature deterioration of roof shingles<\/li>\n<li>Loss of fresh air in summer<\/li>\n<li>High heating costs<\/li>\n<\/ul>\n<p>[\/et_pb_text][\/et_pb_column][\/et_pb_row][\/et_pb_section][et_pb_section fb_built=&#8221;1&#8243; module_id=&#8221;Carrousel&#8221; _builder_version=&#8221;4.16&#8243; background_image=&#8221;https:\/\/www.usq.ca\/wp-content\/uploads\/2018\/02\/laine-soufflee-grenier.jpg&#8221; da_disable_devices=&#8221;off|off|off&#8221; global_colors_info=&#8221;{}&#8221; da_is_popup=&#8221;off&#8221; da_exit_intent=&#8221;off&#8221; da_has_close=&#8221;on&#8221; da_alt_close=&#8221;off&#8221; da_dark_close=&#8221;off&#8221; da_not_modal=&#8221;on&#8221; da_is_singular=&#8221;off&#8221; da_with_loader=&#8221;off&#8221; da_has_shadow=&#8221;on&#8221;][et_pb_row _builder_version=&#8221;4.16&#8243; background_size=&#8221;initial&#8221; background_position=&#8221;top_left&#8221; background_repeat=&#8221;repeat&#8221; border_style_all=&#8221;none&#8221; global_colors_info=&#8221;{}&#8221;][et_pb_column type=&#8221;4_4&#8243; _builder_version=&#8221;4.16&#8243; custom_padding=&#8221;|||&#8221; global_colors_info=&#8221;{}&#8221; custom_padding__hover=&#8221;|||&#8221;][et_pb_text admin_label=&#8221;Titre Carrousel&#8221; _builder_version=&#8221;4.16&#8243; global_colors_info=&#8221;{}&#8221;]<\/p>\n<h2 style=\"text-align: center;\">Sopra cellulose from Soprema inc.<\/h2>\n<p>[\/et_pb_text][et_pb_slider show_arrows=&#8221;off&#8221; show_pagination=&#8221;off&#8221; admin_label=&#8221;Carrousel Pourquoi&#8221; _builder_version=&#8221;4.16&#8243; border_style_all=&#8221;none&#8221; global_colors_info=&#8221;{}&#8221; button_text_size__hover_enabled=&#8221;off&#8221; button_one_text_size__hover_enabled=&#8221;off&#8221; button_two_text_size__hover_enabled=&#8221;off&#8221; button_text_color__hover_enabled=&#8221;off&#8221; button_one_text_color__hover_enabled=&#8221;off&#8221; button_two_text_color__hover_enabled=&#8221;off&#8221; button_border_width__hover_enabled=&#8221;off&#8221; button_one_border_width__hover_enabled=&#8221;off&#8221; button_two_border_width__hover_enabled=&#8221;off&#8221; button_border_color__hover_enabled=&#8221;off&#8221; button_one_border_color__hover_enabled=&#8221;off&#8221; button_two_border_color__hover_enabled=&#8221;off&#8221; button_border_radius__hover_enabled=&#8221;off&#8221; button_one_border_radius__hover_enabled=&#8221;off&#8221; button_two_border_radius__hover_enabled=&#8221;off&#8221; button_letter_spacing__hover_enabled=&#8221;off&#8221; button_one_letter_spacing__hover_enabled=&#8221;off&#8221; button_two_letter_spacing__hover_enabled=&#8221;off&#8221; button_bg_color__hover_enabled=&#8221;off&#8221; button_one_bg_color__hover_enabled=&#8221;off&#8221; button_two_bg_color__hover_enabled=&#8221;off&#8221;][et_pb_slide image=&#8221;https:\/\/www.usq.ca\/wp-content\/uploads\/2018\/01\/soprema-inc-logo.png&#8221; use_bg_overlay=&#8221;off&#8221; use_text_overlay=&#8221;off&#8221; image_alt=&#8221;Soprema inc. logo&#8221; arrows_custom_color=&#8221;#ffffff&#8221; dot_nav_custom_color=&#8221;#ffffff&#8221; admin_title=&#8221;solutions vertes&#8221; _builder_version=&#8221;4.16&#8243; header_level=&#8221;h3&#8243; header_font=&#8221;Roboto|500|||||||&#8221; header_text_color=&#8221;#ffffff&#8221; header_font_size=&#8221;30&#8243; body_font_size=&#8221;20&#8243; background_color=&#8221;rgba(248,152,40,0)&#8221; button_on_hover=&#8221;on&#8221; text_orientation=&#8221;left&#8221; header_font_size_tablet=&#8221;30&#8243; header_font_size_phone=&#8221;30&#8243; body_font_size_tablet=&#8221;20&#8243; body_font_size_phone=&#8221;20&#8243; global_colors_info=&#8221;{}&#8221; button_text_size__hover_enabled=&#8221;off&#8221; button_one_text_size__hover_enabled=&#8221;off&#8221; button_two_text_size__hover_enabled=&#8221;off&#8221; button_text_color__hover_enabled=&#8221;off&#8221; button_one_text_color__hover_enabled=&#8221;off&#8221; button_two_text_color__hover_enabled=&#8221;off&#8221; button_border_width__hover_enabled=&#8221;off&#8221; button_one_border_width__hover_enabled=&#8221;off&#8221; button_two_border_width__hover_enabled=&#8221;off&#8221; button_border_color__hover_enabled=&#8221;off&#8221; button_one_border_color__hover_enabled=&#8221;off&#8221; button_two_border_color__hover_enabled=&#8221;off&#8221; button_border_radius__hover_enabled=&#8221;off&#8221; button_one_border_radius__hover_enabled=&#8221;off&#8221; button_two_border_radius__hover_enabled=&#8221;off&#8221; button_letter_spacing__hover_enabled=&#8221;off&#8221; button_one_letter_spacing__hover_enabled=&#8221;off&#8221; button_two_letter_spacing__hover_enabled=&#8221;off&#8221; button_bg_color__hover_enabled=&#8221;off&#8221; button_one_bg_color__hover_enabled=&#8221;off&#8221; button_two_bg_color__hover_enabled=&#8221;off&#8221; sticky_transition=&#8221;on&#8221;]Urethane Sup\u00e9rieur de Qu\u00e9bec recommends an insulation factor of R-40, which is equivalent to approximately 12\u201d of blown wool. The building code recommends proper ventilation.<\/p>\n<p><a class=\"bouton\" href=\"\/wp-content\/uploads\/2018\/01\/sopra-cellulose-fiche-technique.pdf\" target=\"_blank\" rel=\"noopener\">Technical data sheet<\/a> <a class=\"bouton\" href=\"https:\/\/www.soprema.ca\/region\/quebec-en\/\" target=\"_blank\" rel=\"noopener\">Visit the website<\/a><br \/>\n[\/et_pb_slide][\/et_pb_slider][\/et_pb_column][\/et_pb_row][\/et_pb_section][et_pb_section fb_built=&#8221;1&#8243; _builder_version=&#8221;4.16&#8243; da_disable_devices=&#8221;off|off|off&#8221; global_colors_info=&#8221;{}&#8221; da_is_popup=&#8221;off&#8221; da_exit_intent=&#8221;off&#8221; da_has_close=&#8221;on&#8221; da_alt_close=&#8221;off&#8221; da_dark_close=&#8221;off&#8221; da_not_modal=&#8221;on&#8221; da_is_singular=&#8221;off&#8221; da_with_loader=&#8221;off&#8221; da_has_shadow=&#8221;on&#8221;][et_pb_row _builder_version=&#8221;4.16&#8243; background_size=&#8221;initial&#8221; background_position=&#8221;top_left&#8221; background_repeat=&#8221;repeat&#8221; global_colors_info=&#8221;{}&#8221;][et_pb_column type=&#8221;4_4&#8243; _builder_version=&#8221;4.16&#8243; custom_padding=&#8221;|||&#8221; global_colors_info=&#8221;{}&#8221; custom_padding__hover=&#8221;|||&#8221;][et_pb_text _builder_version=&#8221;4.16&#8243; global_colors_info=&#8221;{}&#8221;]<\/p>\n<h2>An advantageous solution<\/h2>\n<p>Blowing wool is eco-friendly and safe. It eliminates odours in the air, and is resistant to mold. Our insulation has a repelling property for small rodents, and prevents the spread of vermin. Sopra-Cellulose products also offer superior fire resistance.<\/p>\n<h2>Quick installation<\/h2>\n<p>It will cost you very little of your time to enjoy all the benefits of cellulose insulation. In fact, installation takes as little as two hours for most single-family homes.<br \/>\n[\/et_pb_text][\/et_pb_column][\/et_pb_row][\/et_pb_section][et_pb_section fb_built=&#8221;1&#8243; disabled_on=&#8221;on|on|on&#8221; admin_label=&#8221;CTA-Soumission&#8221; module_id=&#8221;CTA-soumission&#8221; _builder_version=&#8221;4.16&#8243; background_image=&#8221;https:\/\/www.usq.ca\/wp-content\/uploads\/2017\/11\/expert-isolation-usq.jpg&#8221; custom_padding=&#8221;70px||70px|&#8221; da_disable_devices=&#8221;off|off|off&#8221; disabled=&#8221;on&#8221; global_colors_info=&#8221;{}&#8221; da_is_popup=&#8221;off&#8221; da_exit_intent=&#8221;off&#8221; da_has_close=&#8221;on&#8221; da_alt_close=&#8221;off&#8221; da_dark_close=&#8221;off&#8221; da_not_modal=&#8221;on&#8221; da_is_singular=&#8221;off&#8221; da_with_loader=&#8221;off&#8221; da_has_shadow=&#8221;on&#8221;][et_pb_row _builder_version=&#8221;4.16&#8243; global_colors_info=&#8221;{}&#8221;][et_pb_column type=&#8221;4_4&#8243; _builder_version=&#8221;4.16&#8243; custom_padding=&#8221;|||&#8221; global_colors_info=&#8221;{}&#8221; custom_padding__hover=&#8221;|||&#8221;][et_pb_text admin_label=&#8221;CTA-Soumission&#8221; _builder_version=&#8221;4.16&#8243; global_colors_info=&#8221;{}&#8221;]<\/p>\n<h3>Do you have a renovation or new construction project?<\/h3>\n<p>Call the professionals at Ur\u00e9thane Sup\u00e9rieur de Qu\u00e9bec and benefit from an exceptional service to all your insulation work.<a class=\"btn-CTA et_pb_more_button et_pb_button et_pb_button_one\" href=\"\/en\/contact\/\">Contact us<\/a><br \/>\n[\/et_pb_text][\/et_pb_column][\/et_pb_row][\/et_pb_section][et_pb_section fb_built=&#8221;1&#8243; admin_label=&#8221;CTA-Soumission&#8221; _builder_version=&#8221;4.16&#8243; background_image=&#8221;https:\/\/www.usq.ca\/wp-content\/uploads\/2022\/01\/background-soumission-usq.jpg&#8221; custom_padding=&#8221;70px||70px|&#8221; da_disable_devices=&#8221;off|off|off&#8221; global_module=&#8221;21214&#8243; locked=&#8221;off&#8221; global_colors_info=&#8221;{}&#8221; da_is_popup=&#8221;off&#8221; da_exit_intent=&#8221;off&#8221; da_has_close=&#8221;on&#8221; da_alt_close=&#8221;off&#8221; da_dark_close=&#8221;off&#8221; da_not_modal=&#8221;on&#8221; da_is_singular=&#8221;off&#8221; da_with_loader=&#8221;off&#8221; da_has_shadow=&#8221;on&#8221;][et_pb_row _builder_version=&#8221;4.16&#8243; background_color=&#8221;#FFFFFF&#8221; global_colors_info=&#8221;{}&#8221;][et_pb_column type=&#8221;4_4&#8243; _builder_version=&#8221;4.16&#8243; custom_padding=&#8221;|||&#8221; global_colors_info=&#8221;{}&#8221; custom_padding__hover=&#8221;|||&#8221;][et_pb_image src=&#8221;https:\/\/www.usq.ca\/wp-content\/uploads\/2022\/01\/check.png&#8221; title_text=&#8221;check&#8221; align=&#8221;center&#8221; _builder_version=&#8221;4.16&#8243; _module_preset=&#8221;default&#8221; global_colors_info=&#8221;{}&#8221;][\/et_pb_image][et_pb_text admin_label=&#8221;CTA-Soumission&#8221; _builder_version=&#8221;4.16&#8243; header_5_text_color=&#8221;#7f4400&#8243; text_orientation=&#8221;center&#8221; max_width=&#8221;550px&#8221; module_alignment=&#8221;center&#8221; global_colors_info=&#8221;{}&#8221;]<\/p>\n<h5>Are you looking for a team of insulation experts<\/h5>\n<h2>for a new construction project or residential or commercial renovations?<\/h2>\n<p>We have acquired the skills and knowledge to guide you towards the best choices in order to obtain excellent returns for your investment.[\/et_pb_text][et_pb_button button_url=&#8221;#quote&#8221; button_text=&#8221;Request a quote&#8221; button_alignment=&#8221;center&#8221; _builder_version=&#8221;4.17.4&#8243; _module_preset=&#8221;default&#8221; global_colors_info=&#8221;{}&#8221;][\/et_pb_button][et_pb_text _builder_version=&#8221;4.16&#8243; _module_preset=&#8221;default&#8221; text_font=&#8221;|700|||||||&#8221; text_text_color=&#8221;#7f4400&#8243; text_orientation=&#8221;center&#8221; global_colors_info=&#8221;{}&#8221;]<\/p>\n<p>It&#8217;s free!<\/p>\n<p>[\/et_pb_text][\/et_pb_column][\/et_pb_row][\/et_pb_section][et_pb_section fb_built=&#8221;1&#8243; admin_label=&#8221;Popup &#8211; #quote&#8221; module_id=&#8221;quote&#8221; module_class=&#8221;popup close-alt single&#8221; _builder_version=&#8221;4.17.4&#8243; _module_preset=&#8221;default&#8221; max_width=&#8221;750px&#8221; module_alignment=&#8221;center&#8221; custom_margin=&#8221;0px|0px|0px|0px|true|true&#8221; custom_padding=&#8221;0px|0px|0px|0px|true|true&#8221; da_is_popup=&#8221;on&#8221; da_popup_slug=&#8221;quote&#8221; da_is_singular=&#8221;on&#8221; da_alt_close=&#8221;on&#8221; da_disable_devices=&#8221;off|off|off&#8221; locked=&#8221;off&#8221; global_colors_info=&#8221;{}&#8221; da_exit_intent=&#8221;off&#8221; da_has_close=&#8221;on&#8221; da_dark_close=&#8221;off&#8221; da_not_modal=&#8221;on&#8221; da_with_loader=&#8221;off&#8221; da_has_shadow=&#8221;on&#8221;][et_pb_row _builder_version=&#8221;4.17.4&#8243; _module_preset=&#8221;default&#8221; global_colors_info=&#8221;{}&#8221;][et_pb_column type=&#8221;4_4&#8243; _builder_version=&#8221;4.17.4&#8243; _module_preset=&#8221;default&#8221; global_colors_info=&#8221;{}&#8221;][et_pb_text _builder_version=&#8221;4.17.4&#8243; _module_preset=&#8221;default&#8221; global_colors_info=&#8221;{}&#8221;]<\/p>\n<h5 style=\"text-align: center;\">Are you looking for a team of insulation experts<\/h5>\n<h2 style=\"text-align: center;\">for a new construction project or residential or commercial renovations?<\/h2>\n<p style=\"text-align: center;\">We have acquired the skills and knowledge to guide you towards the best choices in order to obtain excellent returns for your investment.<\/p>\n<p>[\/et_pb_text][et_pb_text _builder_version=&#8221;4.17.4&#8243; _module_preset=&#8221;default&#8221; text_orientation=&#8221;center&#8221; global_colors_info=&#8221;{}&#8221;]<\/p>\n\n<div class=\"wpcf7 no-js\" id=\"wpcf7-f20106-o1\" lang=\"fr-CA\" dir=\"ltr\" data-wpcf7-id=\"20106\">\n<div class=\"screen-reader-response\"><p role=\"status\" aria-live=\"polite\" aria-atomic=\"true\"><\/p> <ul><\/ul><\/div>\n<form action=\"\/en\/wp-json\/wp\/v2\/pages\/20539#wpcf7-f20106-o1\" method=\"post\" class=\"wpcf7-form init\" aria-label=\"Contact form\" enctype=\"multipart\/form-data\" novalidate=\"novalidate\" data-status=\"init\">\n<fieldset class=\"hidden-fields-container\"><input type=\"hidden\" name=\"_wpcf7\" value=\"20106\" \/><input type=\"hidden\" name=\"_wpcf7_version\" value=\"6.1.5\" \/><input type=\"hidden\" name=\"_wpcf7_locale\" value=\"fr_CA\" \/><input type=\"hidden\" name=\"_wpcf7_unit_tag\" value=\"wpcf7-f20106-o1\" \/><input type=\"hidden\" name=\"_wpcf7_container_post\" value=\"0\" \/><input type=\"hidden\" name=\"_wpcf7_posted_data_hash\" value=\"\" \/><input type=\"hidden\" name=\"_wpcf7_recaptcha_response\" value=\"\" \/>\n<\/fieldset>\n<div class=\"col\">\n\t<p><span class=\"wpcf7-form-control-wrap\" data-name=\"first-name\"><input size=\"40\" maxlength=\"400\" class=\"wpcf7-form-control wpcf7-text\" aria-invalid=\"false\" placeholder=\"First name\" value=\"\" type=\"text\" name=\"first-name\" \/><\/span><span class=\"wpcf7-form-control-wrap\" data-name=\"last-name\"><input size=\"40\" maxlength=\"400\" class=\"wpcf7-form-control wpcf7-text margLeft\" aria-invalid=\"false\" placeholder=\"Last name\" value=\"\" type=\"text\" name=\"last-name\" \/><\/span>\n\t<\/p>\n<\/div>\n<div class=\"col\">\n\t<p><span class=\"wpcf7-form-control-wrap\" data-name=\"email\"><input size=\"40\" maxlength=\"400\" class=\"wpcf7-form-control wpcf7-email wpcf7-validates-as-required wpcf7-text wpcf7-validates-as-email\" aria-required=\"true\" aria-invalid=\"false\" placeholder=\"Email *\" value=\"\" type=\"email\" name=\"email\" \/><\/span><span class=\"wpcf7-form-control-wrap\" data-name=\"telephone\"><input size=\"40\" maxlength=\"400\" class=\"wpcf7-form-control wpcf7-text wpcf7-validates-as-required margLeft\" aria-required=\"true\" aria-invalid=\"false\" placeholder=\"Phone *\" value=\"\" type=\"text\" name=\"telephone\" \/><\/span>\n\t<\/p>\n<\/div>\n<p><span class=\"wpcf7-form-control-wrap\" data-name=\"file-563\"><input size=\"40\" class=\"wpcf7-form-control wpcf7-file\" accept=\"audio\/*,video\/*,image\/*\" aria-invalid=\"false\" type=\"file\" name=\"file-563\" \/><\/span><br \/>\n<span class=\"wpcf7-form-control-wrap\" data-name=\"your-message\"><textarea cols=\"40\" rows=\"10\" maxlength=\"2000\" class=\"wpcf7-form-control wpcf7-textarea\" aria-invalid=\"false\" placeholder=\"Message\" name=\"your-message\"><\/textarea><\/span><br \/>\n<input class=\"wpcf7-form-control wpcf7-submit has-spinner\" type=\"submit\" value=\"Submit\" \/>\n<\/p><div class=\"wpcf7-response-output\" aria-hidden=\"true\"><\/div>\n<\/form>\n<\/div>\n\n<p>[\/et_pb_text][\/et_pb_column][\/et_pb_row][\/et_pb_section]<\/p>\n","protected":false},"excerpt":{"rendered":"<p>Blowing wool | Cellulose insulation Made from natural fibers Blowing wool is a bulk cellulose acoustic and thermal insulation that is made from recycled paper fibers that is sprayed on. The resulting fiber is entirely natural in origin, which means it does not cause pollution and does not cause any irritation. It can be applied [&hellip;]<\/p>\n","protected":false},"author":1,"featured_media":0,"parent":0,"menu_order":0,"comment_status":"closed","ping_status":"closed","template":"","meta":{"_et_pb_use_builder":"on","_et_pb_old_content":"<p>[et_pb_section bb_built=\"1\" fullwidth=\"on\" specialty=\"off\"][et_pb_fullwidth_image _builder_version=\"3.0.89\" src=\"https:\/\/www.usq.ca\/wp-content\/uploads\/2017\/11\/usq-isolation-efficace.jpg\" show_in_lightbox=\"off\" url_new_window=\"off\" use_overlay=\"off\" \/][\/et_pb_section][et_pb_section bb_built=\"1\"][et_pb_row][et_pb_column type=\"4_4\"][et_pb_text _builder_version=\"3.0.89\" background_layout=\"light\"]<\/p><p>isolation<\/p><p>[\/et_pb_text][\/et_pb_column][\/et_pb_row][\/et_pb_section]<\/p>","_et_gb_content_width":"","inline_featured_image":false,"footnotes":""},"class_list":["post-20539","page","type-page","status-publish","hentry"],"yoast_head":"<!-- This site is optimized with the Yoast SEO plugin v27.4 - https:\/\/yoast.com\/product\/yoast-seo-wordpress\/ -->\n<title>Blowing wool - Insulation | Ur\u00e9thane Sup\u00e9rieur de Qu\u00e9bec<\/title>\n<meta name=\"description\" content=\"Cellulose fiber based insulation represents an effective solution against heat loss, ice buildup as well as being ecofriendly. Learn more by contacting us!\" \/>\n<meta name=\"robots\" content=\"index, follow, max-snippet:-1, max-image-preview:large, max-video-preview:-1\" \/>\n<link rel=\"canonical\" href=\"https:\/\/www.usq.ca\/en\/blowing-wool\/\" \/>\n<meta property=\"og:locale\" content=\"en_US\" \/>\n<meta property=\"og:type\" content=\"article\" \/>\n<meta property=\"og:title\" content=\"Blowing wool - Insulation | Ur\u00e9thane Sup\u00e9rieur de Qu\u00e9bec\" \/>\n<meta property=\"og:description\" content=\"Cellulose fiber based insulation represents an effective solution against heat loss, ice buildup as well as being ecofriendly. Learn more by contacting us!\" \/>\n<meta property=\"og:url\" content=\"https:\/\/www.usq.ca\/en\/blowing-wool\/\" \/>\n<meta property=\"og:site_name\" content=\"Ur\u00e9thane Sup\u00e9rieur de Qu\u00e9bec | Isolation et insonorisation\" \/>\n<meta property=\"article:publisher\" content=\"https:\/\/www.facebook.com\/Ur%c3%a9thane-Sup%c3%a9rieur-de-Qu%c3%a9bec-inc-327972320586282\/\" \/>\n<meta property=\"article:modified_time\" content=\"2022-07-06T14:07:48+00:00\" \/>\n<meta property=\"og:image\" content=\"https:\/\/www.usq.ca\/wp-content\/uploads\/2020\/02\/isolation-du-grenier-mobile.jpg\" \/>\n\t<meta property=\"og:image:width\" content=\"600\" \/>\n\t<meta property=\"og:image:height\" content=\"300\" \/>\n\t<meta property=\"og:image:type\" content=\"image\/jpeg\" \/>\n<meta name=\"twitter:card\" content=\"summary_large_image\" \/>\n<meta name=\"twitter:label1\" content=\"Est. reading time\" \/>\n\t<meta name=\"twitter:data1\" content=\"8 minutes\" \/>\n<!-- \/ Yoast SEO plugin. -->","yoast_head_json":{"title":"Blowing wool - Insulation | Ur\u00e9thane Sup\u00e9rieur de Qu\u00e9bec","description":"Cellulose fiber based insulation represents an effective solution against heat loss, ice buildup as well as being ecofriendly. Learn more by contacting us!","robots":{"index":"index","follow":"follow","max-snippet":"max-snippet:-1","max-image-preview":"max-image-preview:large","max-video-preview":"max-video-preview:-1"},"canonical":"https:\/\/www.usq.ca\/en\/blowing-wool\/","og_locale":"en_US","og_type":"article","og_title":"Blowing wool - Insulation | Ur\u00e9thane Sup\u00e9rieur de Qu\u00e9bec","og_description":"Cellulose fiber based insulation represents an effective solution against heat loss, ice buildup as well as being ecofriendly. Learn more by contacting us!","og_url":"https:\/\/www.usq.ca\/en\/blowing-wool\/","og_site_name":"Ur\u00e9thane Sup\u00e9rieur de Qu\u00e9bec | Isolation et insonorisation","article_publisher":"https:\/\/www.facebook.com\/Ur%c3%a9thane-Sup%c3%a9rieur-de-Qu%c3%a9bec-inc-327972320586282\/","article_modified_time":"2022-07-06T14:07:48+00:00","og_image":[{"width":600,"height":300,"url":"https:\/\/www.usq.ca\/wp-content\/uploads\/2020\/02\/isolation-du-grenier-mobile.jpg","type":"image\/jpeg"}],"twitter_card":"summary_large_image","twitter_misc":{"Est. reading time":"8 minutes"},"schema":{"@context":"https:\/\/schema.org","@graph":[{"@type":"WebPage","@id":"https:\/\/www.usq.ca\/en\/blowing-wool\/","url":"https:\/\/www.usq.ca\/en\/blowing-wool\/","name":"Blowing wool - Insulation | Ur\u00e9thane Sup\u00e9rieur de Qu\u00e9bec","isPartOf":{"@id":"https:\/\/www.usq.ca\/en\/#website"},"datePublished":"2018-02-27T13:57:12+00:00","dateModified":"2022-07-06T14:07:48+00:00","description":"Cellulose fiber based insulation represents an effective solution against heat loss, ice buildup as well as being ecofriendly. Learn more by contacting us!","breadcrumb":{"@id":"https:\/\/www.usq.ca\/en\/blowing-wool\/#breadcrumb"},"inLanguage":"en-CA","potentialAction":[{"@type":"ReadAction","target":["https:\/\/www.usq.ca\/en\/blowing-wool\/"]}]},{"@type":"BreadcrumbList","@id":"https:\/\/www.usq.ca\/en\/blowing-wool\/#breadcrumb","itemListElement":[{"@type":"ListItem","position":1,"name":"Home","item":"https:\/\/www.usq.ca\/en\/"},{"@type":"ListItem","position":2,"name":"Blowing wool"}]},{"@type":"WebSite","@id":"https:\/\/www.usq.ca\/en\/#website","url":"https:\/\/www.usq.ca\/en\/","name":"Ur\u00e9thane Sup\u00e9rieur de Qu\u00e9bec | Isolation et insonorisation","description":"","potentialAction":[{"@type":"SearchAction","target":{"@type":"EntryPoint","urlTemplate":"https:\/\/www.usq.ca\/en\/?s={search_term_string}"},"query-input":{"@type":"PropertyValueSpecification","valueRequired":true,"valueName":"search_term_string"}}],"inLanguage":"en-CA"}]}},"_links":{"self":[{"href":"https:\/\/www.usq.ca\/en\/wp-json\/wp\/v2\/pages\/20539","targetHints":{"allow":["GET"]}}],"collection":[{"href":"https:\/\/www.usq.ca\/en\/wp-json\/wp\/v2\/pages"}],"about":[{"href":"https:\/\/www.usq.ca\/en\/wp-json\/wp\/v2\/types\/page"}],"author":[{"embeddable":true,"href":"https:\/\/www.usq.ca\/en\/wp-json\/wp\/v2\/users\/1"}],"replies":[{"embeddable":true,"href":"https:\/\/www.usq.ca\/en\/wp-json\/wp\/v2\/comments?post=20539"}],"version-history":[{"count":0,"href":"https:\/\/www.usq.ca\/en\/wp-json\/wp\/v2\/pages\/20539\/revisions"}],"wp:attachment":[{"href":"https:\/\/www.usq.ca\/en\/wp-json\/wp\/v2\/media?parent=20539"}],"curies":[{"name":"wp","href":"https:\/\/api.w.org\/{rel}","templated":true}]}}