{"id":20553,"date":"2018-02-27T09:53:59","date_gmt":"2018-02-27T14:53:59","guid":{"rendered":"http:\/\/www.usq.ca\/?page_id=20553"},"modified":"2023-03-09T13:37:10","modified_gmt":"2023-03-09T18:37:10","slug":"soundproofing","status":"publish","type":"page","link":"https:\/\/www.usq.ca\/en\/soundproofing\/","title":{"rendered":"Insonorisation"},"content":{"rendered":"<p>[et_pb_section fb_built=&#8221;1&#8243; fullwidth=&#8221;on&#8221; module_id=&#8221;bannerInterne&#8221; _builder_version=&#8221;4.16&#8243; background_image=&#8221;https:\/\/www.usq.ca\/wp-content\/uploads\/2018\/01\/insonorisation-usq.jpg&#8221; da_disable_devices=&#8221;off|off|off&#8221; global_colors_info=&#8221;{}&#8221; da_is_popup=&#8221;off&#8221; da_exit_intent=&#8221;off&#8221; da_has_close=&#8221;on&#8221; da_alt_close=&#8221;off&#8221; da_dark_close=&#8221;off&#8221; da_not_modal=&#8221;on&#8221; da_is_singular=&#8221;off&#8221; da_with_loader=&#8221;off&#8221; da_has_shadow=&#8221;on&#8221;][\/et_pb_section][et_pb_section fb_built=&#8221;1&#8243; _builder_version=&#8221;4.16&#8243; da_disable_devices=&#8221;off|off|off&#8221; global_colors_info=&#8221;{}&#8221; da_is_popup=&#8221;off&#8221; da_exit_intent=&#8221;off&#8221; da_has_close=&#8221;on&#8221; da_alt_close=&#8221;off&#8221; da_dark_close=&#8221;off&#8221; da_not_modal=&#8221;on&#8221; da_is_singular=&#8221;off&#8221; da_with_loader=&#8221;off&#8221; da_has_shadow=&#8221;on&#8221;][et_pb_row _builder_version=&#8221;4.16&#8243; background_size=&#8221;initial&#8221; background_position=&#8221;top_left&#8221; background_repeat=&#8221;repeat&#8221; global_colors_info=&#8221;{}&#8221;][et_pb_column type=&#8221;4_4&#8243; _builder_version=&#8221;4.16&#8243; custom_padding=&#8221;|||&#8221; global_colors_info=&#8221;{}&#8221; custom_padding__hover=&#8221;|||&#8221;][et_pb_text _builder_version=&#8221;4.18.0&#8243; global_colors_info=&#8221;{}&#8221;]<\/p>\n<h1>Soundproofing \u2013 Cellulose acoustic insulation<\/h1>\n<h2>Soundproofing insulation<\/h2>\n<p>Ur\u00e9thane Sup\u00e9rieur offers high-quality expertise and many years of experience in soundproofing. Our acoustic soundproofing is an effective solution for the following applications:<\/p>\n<ul>\n<li>Transforming an apartment building to condominiums<\/li>\n<li>Blocking noise coming from the floor above or below<\/li>\n<li>Blocking noise coming from outside<\/li>\n<\/ul>\n<h2>Sound transmission<\/h2>\n<p>Thirty years ago, carpeting was seen as a fashionable floor covering that was greatly appreciated for its acoustic insulation properties. Today, hardwood engineered wood and laminated products are more often used in apartment buildings and condos. Sound transmission is a common source of complaints from condominium owners and tenants of apartment buildings, both in the case of new constructions and renovated buildings.<\/p>\n<h2>The \u201csuperior\u201d solution<\/h2>\n<p>Over time, our product has demonstrated superior performance when compared to other acoustic products. Ur\u00e9thane Sup\u00e9rieur injects its product at a density of 3.5 lbs per cubic foot in dividing walls and 3 lbs per cubic foot in floors\/ceilings. For existing partitions, the injection can be made directly through the drywall panels by making holes (approximately two-inches in diameter), which we seal afterwards with wooden plugs. For walls that are under construction, the injection is made through a ventilated membrane that is stapled to the frame before installing the drywall.<\/p>\n<h2>Effective soundproofing insulation<\/h2>\n<p>In order to have an enjoyable and considerable impact on your quality of life, we use Soprema inc. and Sopra-Cellulose products (formerly Beno-therm by B\u00e9nolec) because they effectively reduce noise and sound transmission. Other products are also available for specific projects. Many factors can reduce the performance of soundproofing.<br \/>Acoustic performance varies according to a number of factors, such as acoustic or insulation leaks, mechanical bypasses, the size of the room, the height of the ceiling, and many others. Efficiency standards are still very poorly studied.<\/p>\n<p>[\/et_pb_text][et_pb_text _builder_version=&#8221;4.19.5&#8243; hover_enabled=&#8221;0&#8243; global_colors_info=&#8221;{}&#8221; sticky_enabled=&#8221;0&#8243;]<\/p>\n<p><strong>Thermal and Acoustic Insulation<\/strong><br \/><strong>Sopra-Cellulose by <a href=\"http:\/\/www.soprema.ca\/\">Soprema inc.<\/a><\/strong><br \/><a href=\"\/wp-content\/uploads\/2023\/03\/sopra-cellulose-2023.pdf\" target=\"_blank\" rel=\"noopener noreferrer\">Technical data sheet<\/a><\/p>\n<p>[\/et_pb_text][\/et_pb_column][\/et_pb_row][\/et_pb_section][et_pb_section fb_built=&#8221;1&#8243; disabled_on=&#8221;on|on|on&#8221; admin_label=&#8221;CTA-Soumission&#8221; module_id=&#8221;CTA-soumission&#8221; _builder_version=&#8221;4.16&#8243; background_image=&#8221;https:\/\/www.usq.ca\/wp-content\/uploads\/2017\/11\/expert-isolation-usq.jpg&#8221; custom_padding=&#8221;70px||70px|&#8221; da_disable_devices=&#8221;off|off|off&#8221; disabled=&#8221;on&#8221; global_colors_info=&#8221;{}&#8221; da_is_popup=&#8221;off&#8221; da_exit_intent=&#8221;off&#8221; da_has_close=&#8221;on&#8221; da_alt_close=&#8221;off&#8221; da_dark_close=&#8221;off&#8221; da_not_modal=&#8221;on&#8221; da_is_singular=&#8221;off&#8221; da_with_loader=&#8221;off&#8221; da_has_shadow=&#8221;on&#8221;][et_pb_row _builder_version=&#8221;4.16&#8243; global_colors_info=&#8221;{}&#8221;][et_pb_column type=&#8221;4_4&#8243; _builder_version=&#8221;4.16&#8243; custom_padding=&#8221;|||&#8221; global_colors_info=&#8221;{}&#8221; custom_padding__hover=&#8221;|||&#8221;][et_pb_text admin_label=&#8221;CTA-Soumission&#8221; _builder_version=&#8221;4.16&#8243; global_colors_info=&#8221;{}&#8221;]<\/p>\n<h3>Would you like to know the best acoustic insulation techniques for your new construction or renovation project?<\/h3>\n<p>By entrusting us with your project, we ensure to offer you a professional service, a very good price \/ quality ratio and an excellent return on your investment.<a class=\"btn-CTA et_pb_more_button et_pb_button et_pb_button_one\" href=\"\/en\/contact\/\">Request your free quote.<\/a><br \/>\n[\/et_pb_text][\/et_pb_column][\/et_pb_row][\/et_pb_section][et_pb_section fb_built=&#8221;1&#8243; disabled_on=&#8221;off|off|off&#8221; _builder_version=&#8221;4.17.4&#8243; _module_preset=&#8221;default&#8221; background_image=&#8221;https:\/\/www.usq.ca\/wp-content\/uploads\/2022\/01\/background-soumission-usq.jpg&#8221; custom_padding=&#8221;70px||70px|&#8221; da_disable_devices=&#8221;off|off|off&#8221; locked=&#8221;off&#8221; global_colors_info=&#8221;{}&#8221; da_is_popup=&#8221;off&#8221; da_exit_intent=&#8221;off&#8221; da_has_close=&#8221;on&#8221; da_alt_close=&#8221;off&#8221; da_dark_close=&#8221;off&#8221; da_not_modal=&#8221;on&#8221; da_is_singular=&#8221;off&#8221; da_with_loader=&#8221;off&#8221; da_has_shadow=&#8221;on&#8221;][et_pb_row module_class=&#8221;cta-bug-fix&#8221; _builder_version=&#8221;4.17.4&#8243; _module_preset=&#8221;default&#8221; global_colors_info=&#8221;{}&#8221;][et_pb_column type=&#8221;4_4&#8243; _builder_version=&#8221;4.17.4&#8243; _module_preset=&#8221;default&#8221; global_colors_info=&#8221;{}&#8221;][et_pb_image src=&#8221;https:\/\/www.usq.ca\/wp-content\/uploads\/2022\/01\/check.png&#8221; title_text=&#8221;check&#8221; align=&#8221;center&#8221; _builder_version=&#8221;4.17.4&#8243; _module_preset=&#8221;default&#8221; global_colors_info=&#8221;{}&#8221;][\/et_pb_image][et_pb_text _builder_version=&#8221;4.17.4&#8243; _module_preset=&#8221;default&#8221; text_orientation=&#8221;center&#8221; max_width=&#8221;550px&#8221; module_alignment=&#8221;center&#8221; global_colors_info=&#8221;{}&#8221;]<\/p>\n<h5>Are you looking for a team of insulation experts<\/h5>\n<h2>for a new construction project or residential or commercial renovations?<\/h2>\n<p>We have acquired the skills and knowledge to guide you towards the best choices in order to obtain excellent returns for your investment.[\/et_pb_text][et_pb_button button_url=&#8221;https:\/\/www.usq.ca\/en\/contact\/&#8221; button_text=&#8221;Request a quote&#8221; button_alignment=&#8221;center&#8221; _builder_version=&#8221;4.17.4&#8243; _module_preset=&#8221;default&#8221; global_colors_info=&#8221;{}&#8221;][\/et_pb_button][et_pb_text _builder_version=&#8221;4.19.5&#8243; _module_preset=&#8221;default&#8221; hover_enabled=&#8221;0&#8243; global_colors_info=&#8221;{}&#8221; sticky_enabled=&#8221;0&#8243;]<\/p>\n<p style=\"text-align: center;\">It&#8217;s free!<\/p>\n<p>[\/et_pb_text][\/et_pb_column][\/et_pb_row][\/et_pb_section]<\/p>\n","protected":false},"excerpt":{"rendered":"<p>Soundproofing \u2013 Cellulose acoustic insulation Soundproofing insulation Ur\u00e9thane Sup\u00e9rieur offers high-quality expertise and many years of experience in soundproofing. Our acoustic soundproofing is an effective solution for the following applications: Transforming an apartment building to condominiums Blocking noise coming from the floor above or below Blocking noise coming from outside Sound transmission Thirty years ago, [&hellip;]<\/p>\n","protected":false},"author":1,"featured_media":0,"parent":0,"menu_order":0,"comment_status":"closed","ping_status":"closed","template":"","meta":{"_et_pb_use_builder":"on","_et_pb_old_content":"<p>[et_pb_section bb_built=\"1\" fullwidth=\"on\" specialty=\"off\"][et_pb_fullwidth_image _builder_version=\"3.0.89\" src=\"https:\/\/www.usq.ca\/wp-content\/uploads\/2017\/11\/usq-isolation-efficace.jpg\" show_in_lightbox=\"off\" url_new_window=\"off\" use_overlay=\"off\" \/][\/et_pb_section][et_pb_section bb_built=\"1\"][et_pb_row][et_pb_column type=\"4_4\"][et_pb_text _builder_version=\"3.0.89\" background_layout=\"light\"]<\/p><h1 class=\"wss-widget-title\">Insonorisation<\/h1><p>\u00a0<\/p><p>\u00a0<\/p><p>[\/et_pb_text][\/et_pb_column][\/et_pb_row][\/et_pb_section]<\/p>","_et_gb_content_width":"","inline_featured_image":false,"footnotes":""},"class_list":["post-20553","page","type-page","status-publish","hentry"],"yoast_head":"<!-- This site is optimized with the Yoast SEO plugin v27.4 - https:\/\/yoast.com\/product\/yoast-seo-wordpress\/ -->\n<title>Soundproofing in Montreal and Laval | Ur\u00e9thane Sup\u00e9rieur de Qu\u00e9bec<\/title>\n<meta name=\"description\" content=\"Discover our soundproofing services : an efficient solution to reduce the sounds coming from other floors as well as from outside. Contact us to learn more!\" \/>\n<meta name=\"robots\" content=\"index, follow, max-snippet:-1, max-image-preview:large, max-video-preview:-1\" \/>\n<link rel=\"canonical\" href=\"https:\/\/www.usq.ca\/en\/soundproofing\/\" \/>\n<meta property=\"og:locale\" content=\"en_US\" \/>\n<meta property=\"og:type\" content=\"article\" \/>\n<meta property=\"og:title\" content=\"Soundproofing in Montreal and Laval | Ur\u00e9thane Sup\u00e9rieur de Qu\u00e9bec\" \/>\n<meta property=\"og:description\" content=\"Discover our soundproofing services : an efficient solution to reduce the sounds coming from other floors as well as from outside. Contact us to learn more!\" \/>\n<meta property=\"og:url\" content=\"https:\/\/www.usq.ca\/en\/soundproofing\/\" \/>\n<meta property=\"og:site_name\" content=\"Ur\u00e9thane Sup\u00e9rieur de Qu\u00e9bec | Isolation et insonorisation\" \/>\n<meta property=\"article:publisher\" content=\"https:\/\/www.facebook.com\/Ur%c3%a9thane-Sup%c3%a9rieur-de-Qu%c3%a9bec-inc-327972320586282\/\" \/>\n<meta property=\"article:modified_time\" content=\"2023-03-09T18:37:10+00:00\" \/>\n<meta property=\"og:image\" content=\"https:\/\/www.usq.ca\/wp-content\/uploads\/2020\/02\/isolation-du-grenier-mobile.jpg\" \/>\n\t<meta property=\"og:image:width\" content=\"600\" \/>\n\t<meta property=\"og:image:height\" content=\"300\" \/>\n\t<meta property=\"og:image:type\" content=\"image\/jpeg\" \/>\n<meta name=\"twitter:card\" content=\"summary_large_image\" \/>\n<meta name=\"twitter:label1\" content=\"Est. reading time\" \/>\n\t<meta name=\"twitter:data1\" content=\"3 minutes\" \/>\n<!-- \/ Yoast SEO plugin. -->","yoast_head_json":{"title":"Soundproofing in Montreal and Laval | Ur\u00e9thane Sup\u00e9rieur de Qu\u00e9bec","description":"Discover our soundproofing services : an efficient solution to reduce the sounds coming from other floors as well as from outside. Contact us to learn more!","robots":{"index":"index","follow":"follow","max-snippet":"max-snippet:-1","max-image-preview":"max-image-preview:large","max-video-preview":"max-video-preview:-1"},"canonical":"https:\/\/www.usq.ca\/en\/soundproofing\/","og_locale":"en_US","og_type":"article","og_title":"Soundproofing in Montreal and Laval | Ur\u00e9thane Sup\u00e9rieur de Qu\u00e9bec","og_description":"Discover our soundproofing services : an efficient solution to reduce the sounds coming from other floors as well as from outside. Contact us to learn more!","og_url":"https:\/\/www.usq.ca\/en\/soundproofing\/","og_site_name":"Ur\u00e9thane Sup\u00e9rieur de Qu\u00e9bec | Isolation et insonorisation","article_publisher":"https:\/\/www.facebook.com\/Ur%c3%a9thane-Sup%c3%a9rieur-de-Qu%c3%a9bec-inc-327972320586282\/","article_modified_time":"2023-03-09T18:37:10+00:00","og_image":[{"width":600,"height":300,"url":"https:\/\/www.usq.ca\/wp-content\/uploads\/2020\/02\/isolation-du-grenier-mobile.jpg","type":"image\/jpeg"}],"twitter_card":"summary_large_image","twitter_misc":{"Est. reading time":"3 minutes"},"schema":{"@context":"https:\/\/schema.org","@graph":[{"@type":"WebPage","@id":"https:\/\/www.usq.ca\/en\/soundproofing\/","url":"https:\/\/www.usq.ca\/en\/soundproofing\/","name":"Soundproofing in Montreal and Laval | Ur\u00e9thane Sup\u00e9rieur de Qu\u00e9bec","isPartOf":{"@id":"https:\/\/www.usq.ca\/en\/#website"},"datePublished":"2018-02-27T14:53:59+00:00","dateModified":"2023-03-09T18:37:10+00:00","description":"Discover our soundproofing services : an efficient solution to reduce the sounds coming from other floors as well as from outside. Contact us to learn more!","breadcrumb":{"@id":"https:\/\/www.usq.ca\/en\/soundproofing\/#breadcrumb"},"inLanguage":"en-CA","potentialAction":[{"@type":"ReadAction","target":["https:\/\/www.usq.ca\/en\/soundproofing\/"]}]},{"@type":"BreadcrumbList","@id":"https:\/\/www.usq.ca\/en\/soundproofing\/#breadcrumb","itemListElement":[{"@type":"ListItem","position":1,"name":"Home","item":"https:\/\/www.usq.ca\/en\/"},{"@type":"ListItem","position":2,"name":"Insonorisation"}]},{"@type":"WebSite","@id":"https:\/\/www.usq.ca\/en\/#website","url":"https:\/\/www.usq.ca\/en\/","name":"Ur\u00e9thane Sup\u00e9rieur de Qu\u00e9bec | Isolation et insonorisation","description":"","potentialAction":[{"@type":"SearchAction","target":{"@type":"EntryPoint","urlTemplate":"https:\/\/www.usq.ca\/en\/?s={search_term_string}"},"query-input":{"@type":"PropertyValueSpecification","valueRequired":true,"valueName":"search_term_string"}}],"inLanguage":"en-CA"}]}},"_links":{"self":[{"href":"https:\/\/www.usq.ca\/en\/wp-json\/wp\/v2\/pages\/20553","targetHints":{"allow":["GET"]}}],"collection":[{"href":"https:\/\/www.usq.ca\/en\/wp-json\/wp\/v2\/pages"}],"about":[{"href":"https:\/\/www.usq.ca\/en\/wp-json\/wp\/v2\/types\/page"}],"author":[{"embeddable":true,"href":"https:\/\/www.usq.ca\/en\/wp-json\/wp\/v2\/users\/1"}],"replies":[{"embeddable":true,"href":"https:\/\/www.usq.ca\/en\/wp-json\/wp\/v2\/comments?post=20553"}],"version-history":[{"count":0,"href":"https:\/\/www.usq.ca\/en\/wp-json\/wp\/v2\/pages\/20553\/revisions"}],"wp:attachment":[{"href":"https:\/\/www.usq.ca\/en\/wp-json\/wp\/v2\/media?parent=20553"}],"curies":[{"name":"wp","href":"https:\/\/api.w.org\/{rel}","templated":true}]}}