{"id":20561,"date":"2018-02-27T11:24:35","date_gmt":"2018-02-27T16:24:35","guid":{"rendered":"http:\/\/www.usq.ca\/?page_id=20561"},"modified":"2022-07-06T10:08:34","modified_gmt":"2022-07-06T14:08:34","slug":"waterproofing-membranes","status":"publish","type":"page","link":"https:\/\/www.usq.ca\/en\/waterproofing-membranes\/","title":{"rendered":"Membrane imperm\u00e9abilisante"},"content":{"rendered":"<p>[et_pb_section fb_built=&#8221;1&#8243; fullwidth=&#8221;on&#8221; module_id=&#8221;bannerInterne&#8221; _builder_version=&#8221;4.16&#8243; background_image=&#8221;https:\/\/www.usq.ca\/wp-content\/uploads\/2018\/01\/haut-page-membrane-2.jpg&#8221; global_colors_info=&#8221;{}&#8221; da_is_popup=&#8221;off&#8221; da_exit_intent=&#8221;off&#8221; da_has_close=&#8221;on&#8221; da_alt_close=&#8221;off&#8221; da_dark_close=&#8221;off&#8221; da_not_modal=&#8221;on&#8221; da_is_singular=&#8221;off&#8221; da_with_loader=&#8221;off&#8221; da_has_shadow=&#8221;on&#8221; da_disable_devices=&#8221;off|off|off&#8221;][\/et_pb_section][et_pb_section fb_built=&#8221;1&#8243; _builder_version=&#8221;4.16&#8243; global_colors_info=&#8221;{}&#8221; da_is_popup=&#8221;off&#8221; da_exit_intent=&#8221;off&#8221; da_has_close=&#8221;on&#8221; da_alt_close=&#8221;off&#8221; da_dark_close=&#8221;off&#8221; da_not_modal=&#8221;on&#8221; da_is_singular=&#8221;off&#8221; da_with_loader=&#8221;off&#8221; da_has_shadow=&#8221;on&#8221; da_disable_devices=&#8221;off|off|off&#8221;][et_pb_row _builder_version=&#8221;4.16&#8243; background_size=&#8221;initial&#8221; background_position=&#8221;top_left&#8221; background_repeat=&#8221;repeat&#8221; global_colors_info=&#8221;{}&#8221;][et_pb_column type=&#8221;4_4&#8243; _builder_version=&#8221;4.16&#8243; custom_padding=&#8221;|||&#8221; global_colors_info=&#8221;{}&#8221; custom_padding__hover=&#8221;|||&#8221;][et_pb_text _builder_version=&#8221;4.16&#8243; global_colors_info=&#8221;{}&#8221;]<\/p>\n<h1>Waterproofing membranes \u2013 BlueSkin and Air-Bloc membranes<\/h1>\n<h2>Sealing solutions \u2013 Air barriers and vapour barriers<\/h2>\n<p>At Ur\u00e9thane Sup\u00e9rieur de Qu\u00e9bec, we use a variety of waterproofing membranes from\u00a0<a href=\"https:\/\/ca.henry.com\/\" target=\"_blank\" rel=\"noopener noreferrer\">Henry\u00ae Company<\/a>. Find out about the various available products. Membranes have a variety of characteristics that are specific to each project:<\/p>\n<ul>\n<li>Foundation waterproofing<\/li>\n<li>Foundations in flood prone areas<\/li>\n<li>Indoor pools<\/li>\n<li>Ceiling joints and edges<\/li>\n<li>Connecting edges<\/li>\n<\/ul>\n<p>&nbsp;<\/p>\n<h2>High performance air barrier and vapour barrier<\/h2>\n<p>The Blueskin SA membrane is designed for use as a self-adhesive membrane, air barrier and vapour barrier. It is used primarily on masonry and concrete surfaces and on gypsum panels.<\/p>\n<p>Thanks to its high resistance, it can also be used with Bakor liquid membranes as a connecting membrane where greater movement is expected. Blueskin is also used for connecting to the metallic surfaces of curtain walls, windows and doorframes.<\/p>\n<p><strong>Blueskin\u00ae SA<\/strong>\u00a0| Self-adhesive membrane<br \/>\n<a href=\"\/wp-content\/uploads\/2018\/01\/blueskin-SA.pdf\" target=\"_blank\" rel=\"noopener noreferrer\"><strong>Technical data sheet<\/strong><\/a><\/p>\n<p><strong>Blueskin\u00ae TG<\/strong>\u00a0| Thermofusible membrane<br \/>\n<a href=\"\/wp-content\/uploads\/2017\/12\/blueskintgfr.pdf\" target=\"_blank\" rel=\"noopener noreferrer\"><strong>Technical data sheet<\/strong><\/a><\/p>\n<p><strong>Air-Bloc 31<br \/>\n<\/strong><a href=\"\/wp-content\/uploads\/2018\/01\/Air-Bloc-31-MR.pdf\" target=\"_blank\" rel=\"noopener noreferrer\"><strong>Technical data sheet<\/strong><\/a><\/p>\n<p><strong>Air-Bloc 32<br \/>\n<\/strong><a href=\"\/wp-content\/uploads\/2018\/01\/Air-Bloc-32-MR.pdf\" target=\"_blank\" rel=\"noopener noreferrer\"><strong>Technical data sheet<\/strong><\/a><br \/>\n[\/et_pb_text][\/et_pb_column][\/et_pb_row][\/et_pb_section][et_pb_section fb_built=&#8221;1&#8243; disabled_on=&#8221;on|on|on&#8221; admin_label=&#8221;CTA-Soumission&#8221; module_id=&#8221;CTA-soumission&#8221; _builder_version=&#8221;4.16&#8243; background_image=&#8221;https:\/\/www.usq.ca\/wp-content\/uploads\/2017\/11\/expert-isolation-usq.jpg&#8221; custom_padding=&#8221;70px||70px|&#8221; disabled=&#8221;on&#8221; global_colors_info=&#8221;{}&#8221; da_is_popup=&#8221;off&#8221; da_exit_intent=&#8221;off&#8221; da_has_close=&#8221;on&#8221; da_alt_close=&#8221;off&#8221; da_dark_close=&#8221;off&#8221; da_not_modal=&#8221;on&#8221; da_is_singular=&#8221;off&#8221; da_with_loader=&#8221;off&#8221; da_has_shadow=&#8221;on&#8221; da_disable_devices=&#8221;off|off|off&#8221;][et_pb_row _builder_version=&#8221;4.16&#8243; global_colors_info=&#8221;{}&#8221;][et_pb_column type=&#8221;4_4&#8243; _builder_version=&#8221;4.16&#8243; custom_padding=&#8221;|||&#8221; global_colors_info=&#8221;{}&#8221; custom_padding__hover=&#8221;|||&#8221;][et_pb_text admin_label=&#8221;CTA-Soumission&#8221; _builder_version=&#8221;4.16&#8243; global_colors_info=&#8221;{}&#8221;]<\/p>\n<h3>Are you looking for a waterproofing membrane for your home or commercial building?<\/h3>\n<p>We offer a complete range of sealing products.<\/p>\n<p><a class=\"btn-CTA et_pb_more_button et_pb_button et_pb_button_one\" href=\"\/en\/contact\/\">Request a quote, it&#8217;s free.<\/a><br \/>\n[\/et_pb_text][\/et_pb_column][\/et_pb_row][\/et_pb_section][et_pb_section fb_built=&#8221;1&#8243; admin_label=&#8221;CTA-Soumission&#8221; _builder_version=&#8221;4.16&#8243; background_image=&#8221;https:\/\/www.usq.ca\/wp-content\/uploads\/2022\/01\/background-soumission-usq.jpg&#8221; custom_padding=&#8221;70px||70px|&#8221; da_disable_devices=&#8221;off|off|off&#8221; global_module=&#8221;21214&#8243; locked=&#8221;off&#8221; global_colors_info=&#8221;{}&#8221; da_is_popup=&#8221;off&#8221; da_exit_intent=&#8221;off&#8221; da_has_close=&#8221;on&#8221; da_alt_close=&#8221;off&#8221; da_dark_close=&#8221;off&#8221; da_not_modal=&#8221;on&#8221; da_is_singular=&#8221;off&#8221; da_with_loader=&#8221;off&#8221; da_has_shadow=&#8221;on&#8221;][et_pb_row _builder_version=&#8221;4.16&#8243; background_color=&#8221;#FFFFFF&#8221; global_colors_info=&#8221;{}&#8221;][et_pb_column type=&#8221;4_4&#8243; _builder_version=&#8221;4.16&#8243; custom_padding=&#8221;|||&#8221; global_colors_info=&#8221;{}&#8221; custom_padding__hover=&#8221;|||&#8221;][et_pb_image src=&#8221;https:\/\/www.usq.ca\/wp-content\/uploads\/2022\/01\/check.png&#8221; title_text=&#8221;check&#8221; align=&#8221;center&#8221; _builder_version=&#8221;4.16&#8243; _module_preset=&#8221;default&#8221; global_colors_info=&#8221;{}&#8221;][\/et_pb_image][et_pb_text admin_label=&#8221;CTA-Soumission&#8221; _builder_version=&#8221;4.16&#8243; header_5_text_color=&#8221;#7f4400&#8243; text_orientation=&#8221;center&#8221; max_width=&#8221;550px&#8221; module_alignment=&#8221;center&#8221; global_colors_info=&#8221;{}&#8221;]<\/p>\n<h5>Are you looking for a team of insulation experts<\/h5>\n<h2>for a new construction project or residential or commercial renovations?<\/h2>\n<p>We have acquired the skills and knowledge to guide you towards the best choices in order to obtain excellent returns for your investment.[\/et_pb_text][et_pb_button button_url=&#8221;#quote&#8221; button_text=&#8221;Request a quote&#8221; button_alignment=&#8221;center&#8221; _builder_version=&#8221;4.17.4&#8243; _module_preset=&#8221;default&#8221; global_colors_info=&#8221;{}&#8221;][\/et_pb_button][et_pb_text _builder_version=&#8221;4.16&#8243; _module_preset=&#8221;default&#8221; text_font=&#8221;|700|||||||&#8221; text_text_color=&#8221;#7f4400&#8243; text_orientation=&#8221;center&#8221; global_colors_info=&#8221;{}&#8221;]<\/p>\n<p>It&#8217;s free!<\/p>\n<p>[\/et_pb_text][\/et_pb_column][\/et_pb_row][\/et_pb_section][et_pb_section fb_built=&#8221;1&#8243; admin_label=&#8221;Popup &#8211; #quote&#8221; module_id=&#8221;quote&#8221; module_class=&#8221;popup close-alt single&#8221; _builder_version=&#8221;4.17.4&#8243; _module_preset=&#8221;default&#8221; max_width=&#8221;750px&#8221; module_alignment=&#8221;center&#8221; custom_margin=&#8221;0px|0px|0px|0px|true|true&#8221; custom_padding=&#8221;0px|0px|0px|0px|true|true&#8221; da_is_popup=&#8221;on&#8221; da_popup_slug=&#8221;quote&#8221; da_is_singular=&#8221;on&#8221; da_alt_close=&#8221;on&#8221; da_disable_devices=&#8221;off|off|off&#8221; locked=&#8221;off&#8221; global_colors_info=&#8221;{}&#8221; da_exit_intent=&#8221;off&#8221; da_has_close=&#8221;on&#8221; da_dark_close=&#8221;off&#8221; da_not_modal=&#8221;on&#8221; da_with_loader=&#8221;off&#8221; da_has_shadow=&#8221;on&#8221;][et_pb_row _builder_version=&#8221;4.17.4&#8243; _module_preset=&#8221;default&#8221; global_colors_info=&#8221;{}&#8221;][et_pb_column type=&#8221;4_4&#8243; _builder_version=&#8221;4.17.4&#8243; _module_preset=&#8221;default&#8221; global_colors_info=&#8221;{}&#8221;][et_pb_text _builder_version=&#8221;4.17.4&#8243; _module_preset=&#8221;default&#8221; global_colors_info=&#8221;{}&#8221;]<\/p>\n<h5 style=\"text-align: center;\">Are you looking for a team of insulation experts<\/h5>\n<h2 style=\"text-align: center;\">for a new construction project or residential or commercial renovations?<\/h2>\n<p style=\"text-align: center;\">We have acquired the skills and knowledge to guide you towards the best choices in order to obtain excellent returns for your investment.<\/p>\n<p>[\/et_pb_text][et_pb_text _builder_version=&#8221;4.17.4&#8243; _module_preset=&#8221;default&#8221; text_orientation=&#8221;center&#8221; global_colors_info=&#8221;{}&#8221;]<\/p>\n\n<div class=\"wpcf7 no-js\" id=\"wpcf7-f20106-o1\" lang=\"fr-CA\" dir=\"ltr\" data-wpcf7-id=\"20106\">\n<div class=\"screen-reader-response\"><p role=\"status\" aria-live=\"polite\" aria-atomic=\"true\"><\/p> <ul><\/ul><\/div>\n<form action=\"\/en\/wp-json\/wp\/v2\/pages\/20561#wpcf7-f20106-o1\" method=\"post\" class=\"wpcf7-form init\" aria-label=\"Contact form\" enctype=\"multipart\/form-data\" novalidate=\"novalidate\" data-status=\"init\">\n<fieldset class=\"hidden-fields-container\"><input type=\"hidden\" name=\"_wpcf7\" value=\"20106\" \/><input type=\"hidden\" name=\"_wpcf7_version\" value=\"6.1.5\" \/><input type=\"hidden\" name=\"_wpcf7_locale\" value=\"fr_CA\" \/><input type=\"hidden\" name=\"_wpcf7_unit_tag\" value=\"wpcf7-f20106-o1\" \/><input type=\"hidden\" name=\"_wpcf7_container_post\" value=\"0\" \/><input type=\"hidden\" name=\"_wpcf7_posted_data_hash\" value=\"\" \/><input type=\"hidden\" name=\"_wpcf7_recaptcha_response\" value=\"\" \/>\n<\/fieldset>\n<div class=\"col\">\n\t<p><span class=\"wpcf7-form-control-wrap\" data-name=\"first-name\"><input size=\"40\" maxlength=\"400\" class=\"wpcf7-form-control wpcf7-text\" aria-invalid=\"false\" placeholder=\"First name\" value=\"\" type=\"text\" name=\"first-name\" \/><\/span><span class=\"wpcf7-form-control-wrap\" data-name=\"last-name\"><input size=\"40\" maxlength=\"400\" class=\"wpcf7-form-control wpcf7-text margLeft\" aria-invalid=\"false\" placeholder=\"Last name\" value=\"\" type=\"text\" name=\"last-name\" \/><\/span>\n\t<\/p>\n<\/div>\n<div class=\"col\">\n\t<p><span class=\"wpcf7-form-control-wrap\" data-name=\"email\"><input size=\"40\" maxlength=\"400\" class=\"wpcf7-form-control wpcf7-email wpcf7-validates-as-required wpcf7-text wpcf7-validates-as-email\" aria-required=\"true\" aria-invalid=\"false\" placeholder=\"Email *\" value=\"\" type=\"email\" name=\"email\" \/><\/span><span class=\"wpcf7-form-control-wrap\" data-name=\"telephone\"><input size=\"40\" maxlength=\"400\" class=\"wpcf7-form-control wpcf7-text wpcf7-validates-as-required margLeft\" aria-required=\"true\" aria-invalid=\"false\" placeholder=\"Phone *\" value=\"\" type=\"text\" name=\"telephone\" \/><\/span>\n\t<\/p>\n<\/div>\n<p><span class=\"wpcf7-form-control-wrap\" data-name=\"file-563\"><input size=\"40\" class=\"wpcf7-form-control wpcf7-file\" accept=\"audio\/*,video\/*,image\/*\" aria-invalid=\"false\" type=\"file\" name=\"file-563\" \/><\/span><br \/>\n<span class=\"wpcf7-form-control-wrap\" data-name=\"your-message\"><textarea cols=\"40\" rows=\"10\" maxlength=\"2000\" class=\"wpcf7-form-control wpcf7-textarea\" aria-invalid=\"false\" placeholder=\"Message\" name=\"your-message\"><\/textarea><\/span><br \/>\n<input class=\"wpcf7-form-control wpcf7-submit has-spinner\" type=\"submit\" value=\"Submit\" \/>\n<\/p><div class=\"wpcf7-response-output\" aria-hidden=\"true\"><\/div>\n<\/form>\n<\/div>\n\n<p>[\/et_pb_text][\/et_pb_column][\/et_pb_row][\/et_pb_section]<\/p>\n","protected":false},"excerpt":{"rendered":"<p>Waterproofing membranes \u2013 BlueSkin and Air-Bloc membranes Sealing solutions \u2013 Air barriers and vapour barriers At Ur\u00e9thane Sup\u00e9rieur de Qu\u00e9bec, we use a variety of waterproofing membranes from\u00a0Henry\u00ae Company. Find out about the various available products. Membranes have a variety of characteristics that are specific to each project: Foundation waterproofing Foundations in flood prone areas [&hellip;]<\/p>\n","protected":false},"author":1,"featured_media":0,"parent":0,"menu_order":0,"comment_status":"closed","ping_status":"closed","template":"","meta":{"_et_pb_use_builder":"on","_et_pb_old_content":"<p>[et_pb_section bb_built=\"1\" fullwidth=\"on\" specialty=\"off\"][et_pb_fullwidth_image _builder_version=\"3.0.89\" src=\"https:\/\/www.usq.ca\/wp-content\/uploads\/2017\/11\/usq-isolation-efficace.jpg\" show_in_lightbox=\"off\" url_new_window=\"off\" use_overlay=\"off\" \/][\/et_pb_section][et_pb_section bb_built=\"1\"][et_pb_row][et_pb_column type=\"4_4\"][et_pb_text _builder_version=\"3.0.89\" background_layout=\"light\"]<\/p><h1 class=\"wss-widget-title\">Membrane imperm\u00e9abilisante<\/h1><p>\u00a0<\/p><p>\u00a0<\/p><p>[\/et_pb_text][\/et_pb_column][\/et_pb_row][\/et_pb_section]<\/p>","_et_gb_content_width":"","inline_featured_image":false,"footnotes":""},"class_list":["post-20561","page","type-page","status-publish","hentry"],"yoast_head":"<!-- This site is optimized with the Yoast SEO plugin v27.4 - https:\/\/yoast.com\/product\/yoast-seo-wordpress\/ -->\n<title>Waterproofing Membranes | Ur\u00e9thane Sup\u00e9rieur de Qu\u00e9bec<\/title>\n<meta name=\"description\" content=\"Discover our waterproofing solutions and obtain advice from our experts to make the best choice to meet your needs. Contact us and obtain a free quote today!\" \/>\n<meta name=\"robots\" content=\"index, follow, max-snippet:-1, max-image-preview:large, max-video-preview:-1\" \/>\n<link rel=\"canonical\" href=\"https:\/\/www.usq.ca\/en\/waterproofing-membranes\/\" \/>\n<meta property=\"og:locale\" content=\"en_US\" \/>\n<meta property=\"og:type\" content=\"article\" \/>\n<meta property=\"og:title\" content=\"Waterproofing Membranes | Ur\u00e9thane Sup\u00e9rieur de Qu\u00e9bec\" \/>\n<meta property=\"og:description\" content=\"Discover our waterproofing solutions and obtain advice from our experts to make the best choice to meet your needs. Contact us and obtain a free quote today!\" \/>\n<meta property=\"og:url\" content=\"https:\/\/www.usq.ca\/en\/waterproofing-membranes\/\" \/>\n<meta property=\"og:site_name\" content=\"Ur\u00e9thane Sup\u00e9rieur de Qu\u00e9bec | Isolation et insonorisation\" \/>\n<meta property=\"article:publisher\" content=\"https:\/\/www.facebook.com\/Ur%c3%a9thane-Sup%c3%a9rieur-de-Qu%c3%a9bec-inc-327972320586282\/\" \/>\n<meta property=\"article:modified_time\" content=\"2022-07-06T14:08:34+00:00\" \/>\n<meta property=\"og:image\" content=\"https:\/\/www.usq.ca\/wp-content\/uploads\/2020\/02\/isolation-du-grenier-mobile.jpg\" \/>\n\t<meta property=\"og:image:width\" content=\"600\" \/>\n\t<meta property=\"og:image:height\" content=\"300\" \/>\n\t<meta property=\"og:image:type\" content=\"image\/jpeg\" \/>\n<meta name=\"twitter:card\" content=\"summary_large_image\" \/>\n<meta name=\"twitter:label1\" content=\"Est. reading time\" \/>\n\t<meta name=\"twitter:data1\" content=\"5 minutes\" \/>\n<!-- \/ Yoast SEO plugin. -->","yoast_head_json":{"title":"Waterproofing Membranes | Ur\u00e9thane Sup\u00e9rieur de Qu\u00e9bec","description":"Discover our waterproofing solutions and obtain advice from our experts to make the best choice to meet your needs. Contact us and obtain a free quote today!","robots":{"index":"index","follow":"follow","max-snippet":"max-snippet:-1","max-image-preview":"max-image-preview:large","max-video-preview":"max-video-preview:-1"},"canonical":"https:\/\/www.usq.ca\/en\/waterproofing-membranes\/","og_locale":"en_US","og_type":"article","og_title":"Waterproofing Membranes | Ur\u00e9thane Sup\u00e9rieur de Qu\u00e9bec","og_description":"Discover our waterproofing solutions and obtain advice from our experts to make the best choice to meet your needs. Contact us and obtain a free quote today!","og_url":"https:\/\/www.usq.ca\/en\/waterproofing-membranes\/","og_site_name":"Ur\u00e9thane Sup\u00e9rieur de Qu\u00e9bec | Isolation et insonorisation","article_publisher":"https:\/\/www.facebook.com\/Ur%c3%a9thane-Sup%c3%a9rieur-de-Qu%c3%a9bec-inc-327972320586282\/","article_modified_time":"2022-07-06T14:08:34+00:00","og_image":[{"width":600,"height":300,"url":"https:\/\/www.usq.ca\/wp-content\/uploads\/2020\/02\/isolation-du-grenier-mobile.jpg","type":"image\/jpeg"}],"twitter_card":"summary_large_image","twitter_misc":{"Est. reading time":"5 minutes"},"schema":{"@context":"https:\/\/schema.org","@graph":[{"@type":"WebPage","@id":"https:\/\/www.usq.ca\/en\/waterproofing-membranes\/","url":"https:\/\/www.usq.ca\/en\/waterproofing-membranes\/","name":"Waterproofing Membranes | Ur\u00e9thane Sup\u00e9rieur de Qu\u00e9bec","isPartOf":{"@id":"https:\/\/www.usq.ca\/en\/#website"},"datePublished":"2018-02-27T16:24:35+00:00","dateModified":"2022-07-06T14:08:34+00:00","description":"Discover our waterproofing solutions and obtain advice from our experts to make the best choice to meet your needs. Contact us and obtain a free quote today!","breadcrumb":{"@id":"https:\/\/www.usq.ca\/en\/waterproofing-membranes\/#breadcrumb"},"inLanguage":"en-CA","potentialAction":[{"@type":"ReadAction","target":["https:\/\/www.usq.ca\/en\/waterproofing-membranes\/"]}]},{"@type":"BreadcrumbList","@id":"https:\/\/www.usq.ca\/en\/waterproofing-membranes\/#breadcrumb","itemListElement":[{"@type":"ListItem","position":1,"name":"Home","item":"https:\/\/www.usq.ca\/en\/"},{"@type":"ListItem","position":2,"name":"Membrane imperm\u00e9abilisante"}]},{"@type":"WebSite","@id":"https:\/\/www.usq.ca\/en\/#website","url":"https:\/\/www.usq.ca\/en\/","name":"Ur\u00e9thane Sup\u00e9rieur de Qu\u00e9bec | Isolation et insonorisation","description":"","potentialAction":[{"@type":"SearchAction","target":{"@type":"EntryPoint","urlTemplate":"https:\/\/www.usq.ca\/en\/?s={search_term_string}"},"query-input":{"@type":"PropertyValueSpecification","valueRequired":true,"valueName":"search_term_string"}}],"inLanguage":"en-CA"}]}},"_links":{"self":[{"href":"https:\/\/www.usq.ca\/en\/wp-json\/wp\/v2\/pages\/20561","targetHints":{"allow":["GET"]}}],"collection":[{"href":"https:\/\/www.usq.ca\/en\/wp-json\/wp\/v2\/pages"}],"about":[{"href":"https:\/\/www.usq.ca\/en\/wp-json\/wp\/v2\/types\/page"}],"author":[{"embeddable":true,"href":"https:\/\/www.usq.ca\/en\/wp-json\/wp\/v2\/users\/1"}],"replies":[{"embeddable":true,"href":"https:\/\/www.usq.ca\/en\/wp-json\/wp\/v2\/comments?post=20561"}],"version-history":[{"count":0,"href":"https:\/\/www.usq.ca\/en\/wp-json\/wp\/v2\/pages\/20561\/revisions"}],"wp:attachment":[{"href":"https:\/\/www.usq.ca\/en\/wp-json\/wp\/v2\/media?parent=20561"}],"curies":[{"name":"wp","href":"https:\/\/api.w.org\/{rel}","templated":true}]}}