{"id":20901,"date":"2020-10-05T16:22:51","date_gmt":"2020-10-05T20:22:51","guid":{"rendered":"https:\/\/www.usq.ca\/isolation-batiment-commercial\/"},"modified":"2022-07-06T10:09:06","modified_gmt":"2022-07-06T14:09:06","slug":"commercial-insulation","status":"publish","type":"page","link":"https:\/\/www.usq.ca\/en\/commercial-insulation\/","title":{"rendered":"Commercial insulation"},"content":{"rendered":"<p>[et_pb_section fb_built=&#8221;1&#8243; fullwidth=&#8221;on&#8221; module_id=&#8221;bannerInterne&#8221; _builder_version=&#8221;4.16&#8243; background_image=&#8221;https:\/\/www.usq.ca\/wp-content\/uploads\/2017\/11\/usq-isolation-commerciale.jpg&#8221; background_position=&#8221;top_center&#8221; global_colors_info=&#8221;{}&#8221; da_is_popup=&#8221;off&#8221; da_exit_intent=&#8221;off&#8221; da_has_close=&#8221;on&#8221; da_alt_close=&#8221;off&#8221; da_dark_close=&#8221;off&#8221; da_not_modal=&#8221;on&#8221; da_is_singular=&#8221;off&#8221; da_with_loader=&#8221;off&#8221; da_has_shadow=&#8221;on&#8221; da_disable_devices=&#8221;off|off|off&#8221;][\/et_pb_section][et_pb_section fb_built=&#8221;1&#8243; _builder_version=&#8221;4.16&#8243; locked=&#8221;off&#8221; global_colors_info=&#8221;{}&#8221; da_is_popup=&#8221;off&#8221; da_exit_intent=&#8221;off&#8221; da_has_close=&#8221;on&#8221; da_alt_close=&#8221;off&#8221; da_dark_close=&#8221;off&#8221; da_not_modal=&#8221;on&#8221; da_is_singular=&#8221;off&#8221; da_with_loader=&#8221;off&#8221; da_has_shadow=&#8221;on&#8221; da_disable_devices=&#8221;off|off|off&#8221;][et_pb_row _builder_version=&#8221;4.16&#8243; background_size=&#8221;initial&#8221; background_position=&#8221;top_left&#8221; background_repeat=&#8221;repeat&#8221; custom_padding=&#8221;0px||0px||false|false&#8221; global_colors_info=&#8221;{}&#8221;][et_pb_column type=&#8221;4_4&#8243; _builder_version=&#8221;4.16&#8243; custom_padding=&#8221;|||&#8221; global_colors_info=&#8221;{}&#8221; custom_padding__hover=&#8221;|||&#8221;][et_pb_text _builder_version=&#8221;4.16&#8243; _module_preset=&#8221;default&#8221; header_text_align=&#8221;left&#8221; global_colors_info=&#8221;{}&#8221;]<\/p>\n<h1>Insulation experts<\/h1>\n<h2>Commercial, industrial and institutional buildings.<\/h2>\n<p>Ur\u00e9thane Sup\u00e9rieur de Qu\u00e9bec offers you the following insulation services:<\/p>\n<ul>\n<li>thermal insulation<\/li>\n<li>acoustic insulation<\/li>\n<li>fireproofing<\/li>\n<li>air barrier<\/li>\n<li>vapor barrier<\/li>\n<\/ul>\n<p>In addition, our work complies with the most demanding building code standards and we support large-scale projects.<\/p>\n<p>[\/et_pb_text][\/et_pb_column][\/et_pb_row][\/et_pb_section][et_pb_section fb_built=&#8221;1&#8243; _builder_version=&#8221;4.16&#8243; _module_preset=&#8221;default&#8221; custom_padding=&#8221;0px||0px||false|false&#8221; global_colors_info=&#8221;{}&#8221; da_is_popup=&#8221;off&#8221; da_exit_intent=&#8221;off&#8221; da_has_close=&#8221;on&#8221; da_alt_close=&#8221;off&#8221; da_dark_close=&#8221;off&#8221; da_not_modal=&#8221;on&#8221; da_is_singular=&#8221;off&#8221; da_with_loader=&#8221;off&#8221; da_has_shadow=&#8221;on&#8221; da_disable_devices=&#8221;off|off|off&#8221;][et_pb_row column_structure=&#8221;1_2,1_2&#8243; use_custom_gutter=&#8221;on&#8221; gutter_width=&#8221;1&#8243; make_equal=&#8221;on&#8221; _builder_version=&#8221;4.16&#8243; _module_preset=&#8221;default&#8221; width=&#8221;100%&#8221; max_width=&#8221;none&#8221; custom_padding=&#8221;0px||0px||false|false&#8221; global_colors_info=&#8221;{}&#8221;][et_pb_column type=&#8221;1_2&#8243; _builder_version=&#8221;4.16&#8243; _module_preset=&#8221;default&#8221; background_image=&#8221;https:\/\/www.usq.ca\/wp-content\/uploads\/2020\/12\/isolation-commerciale-institutionnel.jpg&#8221; global_colors_info=&#8221;{}&#8221;][\/et_pb_column][et_pb_column type=&#8221;1_2&#8243; _builder_version=&#8221;4.16&#8243; _module_preset=&#8221;default&#8221; global_colors_info=&#8221;{}&#8221;][et_pb_text _builder_version=&#8221;4.16&#8243; _module_preset=&#8221;default&#8221; custom_padding=&#8221;5vw|5vw|30px|5vw|false|true&#8221; global_colors_info=&#8221;{}&#8221;]<\/p>\n<h2>Find out about our added value<\/h2>\n<p>[\/et_pb_text][et_pb_blurb title=&#8221;We offer an excellent after-sales guarantee.&#8221; use_icon=&#8221;on&#8221; font_icon=&#8221;&#xe0f6;||divi||400&#8243; icon_placement=&#8221;left&#8221; _builder_version=&#8221;4.16&#8243; _module_preset=&#8221;default&#8221; custom_margin=&#8221;||||false|false&#8221; custom_padding=&#8221;15px||15px||true|false&#8221; global_colors_info=&#8221;{}&#8221;][\/et_pb_blurb][et_pb_blurb title=&#8221;Our employees are professional and certified installers.&#8221; use_icon=&#8221;on&#8221; font_icon=&#8221;&#xe08b;||divi||400&#8243; icon_placement=&#8221;left&#8221; _builder_version=&#8221;4.16&#8243; _module_preset=&#8221;default&#8221; custom_padding=&#8221;15px||15px||true|false&#8221; global_colors_info=&#8221;{}&#8221;][\/et_pb_blurb][et_pb_blurb title=&#8221;We work with recognized materials and the best eco-friendly solutions available on the market.&#8221; use_icon=&#8221;on&#8221; font_icon=&#8221;&#xe0de;||divi||400&#8243; icon_placement=&#8221;left&#8221; _builder_version=&#8221;4.16&#8243; _module_preset=&#8221;default&#8221; custom_padding=&#8221;15px||15px||true|false&#8221; global_colors_info=&#8221;{}&#8221;][\/et_pb_blurb][et_pb_blurb title=&#8221;We are pleased to work in compliance with Novoclimat\u2122 or LEED standards.&#8221; use_icon=&#8221;on&#8221; font_icon=&#8221;&#xe00a;||divi||400&#8243; icon_placement=&#8221;left&#8221; _builder_version=&#8221;4.16&#8243; _module_preset=&#8221;default&#8221; custom_padding=&#8221;15px||15px||true|false&#8221; global_colors_info=&#8221;{}&#8221;][\/et_pb_blurb][et_pb_blurb title=&#8221;Our technicians are accredited and members of Caliber QAP, a quality assurance program.&#8221; use_icon=&#8221;on&#8221; font_icon=&#8221;&#xe0fc;||divi||400&#8243; icon_placement=&#8221;left&#8221; _builder_version=&#8221;4.16&#8243; _module_preset=&#8221;default&#8221; custom_padding=&#8221;15px||15px||true|false&#8221; global_colors_info=&#8221;{}&#8221;][\/et_pb_blurb][et_pb_text _builder_version=&#8221;4.16&#8243; _module_preset=&#8221;default&#8221; header_3_text_color=&#8221;#7f4400&#8243; custom_padding=&#8221;30px|5vw|5vw|5vw|false|true&#8221; global_colors_info=&#8221;{}&#8221;]<\/p>\n<h3>Installers of Huntsman Building Solutions\u2019 HEATLOK\u00ae SOYA HFO\u2122<\/h3>\n<p><strong>Discover the benefits of this product range:<\/strong><\/p>\n<ul>\n<li id=\"ext-gen77\">Maximize energetic efficiency<\/li>\n<li>Can significantly reduce energy costs<\/li>\n<li>Help mitigate dust and air pollutants<\/li>\n<li>Minimize external noise pollution<\/li>\n<li>Offers a perfect airtight seal<\/li>\n<li>Maintain a more constant room temperature<\/li>\n<li id=\"ext-gen76\">Improves indoor air quality<\/li>\n<li id=\"ext-gen80\"><span>GreenGuard Gold Certified<\/span><\/li>\n<\/ul>\n<p><a class=\"bouton\" href=\"https:\/\/www.usq.ca\/wp-content\/uploads\/2022\/01\/Huntsman-Building-Solutions-Demilec-Heatlok-Soya-HFO-Flyer-opt.pdf\" target=\"_blank\" rel=\"noopener noreferrer\"> Commercial brochure<\/a>[\/et_pb_text][\/et_pb_column][\/et_pb_row][et_pb_row column_structure=&#8221;1_2,1_2&#8243; use_custom_gutter=&#8221;on&#8221; gutter_width=&#8221;1&#8243; make_equal=&#8221;on&#8221; _builder_version=&#8221;4.16&#8243; _module_preset=&#8221;default&#8221; width=&#8221;100%&#8221; max_width=&#8221;none&#8221; custom_padding=&#8221;0px||0px||false|false&#8221; global_colors_info=&#8221;{}&#8221;][et_pb_column type=&#8221;1_2&#8243; _builder_version=&#8221;4.16&#8243; _module_preset=&#8221;default&#8221; global_colors_info=&#8221;{}&#8221;][et_pb_text _builder_version=&#8221;4.16&#8243; _module_preset=&#8221;default&#8221; header_3_text_color=&#8221;#7f4400&#8243; custom_padding=&#8221;5vw|5vw|5vw|5vw|true|true&#8221; global_colors_info=&#8221;{}&#8221;]<\/p>\n<h3><strong>Commercial Insulation<\/strong><\/h3>\n<h4><strong>Savings and well-being for your business<\/strong><\/h4>\n<p><strong><\/strong><\/p>\n<p>Regardless which type of building you have: Commercial, industrial or institutional, whether it is a new construction, a newly acquired building that needs to be renovated or simply your actual building whose insulation needs to be updated.<\/p>\n<h3>An investment that pays off<\/h3>\n<ul>\n<li>Reduced heating costs<\/li>\n<li>Reduced air conditioning costs;<\/li>\n<li>Guarantee of comfort<\/li>\n<li>Possibility of noise reduction<\/li>\n<\/ul>\n<p>[\/et_pb_text][\/et_pb_column][et_pb_column type=&#8221;1_2&#8243; _builder_version=&#8221;4.16&#8243; _module_preset=&#8221;default&#8221; background_image=&#8221;https:\/\/www.usq.ca\/wp-content\/uploads\/2020\/12\/isolation-commerciale-industriel.jpg&#8221; global_colors_info=&#8221;{}&#8221;][\/et_pb_column][\/et_pb_row][\/et_pb_section][et_pb_section fb_built=&#8221;1&#8243; disabled_on=&#8221;on|on|on&#8221; admin_label=&#8221;CTA-Soumission&#8221; module_id=&#8221;CTA-soumission&#8221; _builder_version=&#8221;4.16&#8243; background_image=&#8221;https:\/\/www.usq.ca\/wp-content\/uploads\/2017\/11\/expert-isolation-usq.jpg&#8221; custom_padding=&#8221;70px||70px|&#8221; disabled=&#8221;on&#8221; global_colors_info=&#8221;{}&#8221; da_is_popup=&#8221;off&#8221; da_exit_intent=&#8221;off&#8221; da_has_close=&#8221;on&#8221; da_alt_close=&#8221;off&#8221; da_dark_close=&#8221;off&#8221; da_not_modal=&#8221;on&#8221; da_is_singular=&#8221;off&#8221; da_with_loader=&#8221;off&#8221; da_has_shadow=&#8221;on&#8221; da_disable_devices=&#8221;off|off|off&#8221;][et_pb_row _builder_version=&#8221;4.16&#8243; global_colors_info=&#8221;{}&#8221;][et_pb_column type=&#8221;4_4&#8243; _builder_version=&#8221;4.16&#8243; custom_padding=&#8221;|||&#8221; global_colors_info=&#8221;{}&#8221; custom_padding__hover=&#8221;|||&#8221;][et_pb_text admin_label=&#8221;CTA-Soumission&#8221; _builder_version=&#8221;4.16&#8243; global_colors_info=&#8221;{}&#8221;]<\/p>\n<h3>Your team of experts for commercial insulation<\/h3>\n<p>Call upon the expertise of Ur\u00e9thane Sup\u00e9rieur de Qu\u00e9bec&#8217;s dedicated team for the insulation of your commercial building! A service recognized on the North Shore, Laval, Montr\u00e9al and the South Shore!<\/p>\n<p><a class=\"btn-CTA et_pb_more_button et_pb_button et_pb_button_one\" href=\"\/en\/contact\/\">Contact us<\/a>[\/et_pb_text][\/et_pb_column][\/et_pb_row][\/et_pb_section][et_pb_section fb_built=&#8221;1&#8243; admin_label=&#8221;CTA-Soumission&#8221; _builder_version=&#8221;4.16&#8243; background_image=&#8221;https:\/\/www.usq.ca\/wp-content\/uploads\/2022\/01\/background-soumission-usq.jpg&#8221; custom_padding=&#8221;70px||70px|&#8221; da_disable_devices=&#8221;off|off|off&#8221; global_module=&#8221;21214&#8243; locked=&#8221;off&#8221; global_colors_info=&#8221;{}&#8221; da_is_popup=&#8221;off&#8221; da_exit_intent=&#8221;off&#8221; da_has_close=&#8221;on&#8221; da_alt_close=&#8221;off&#8221; da_dark_close=&#8221;off&#8221; da_not_modal=&#8221;on&#8221; da_is_singular=&#8221;off&#8221; da_with_loader=&#8221;off&#8221; da_has_shadow=&#8221;on&#8221;][et_pb_row _builder_version=&#8221;4.16&#8243; background_color=&#8221;#FFFFFF&#8221; global_colors_info=&#8221;{}&#8221;][et_pb_column type=&#8221;4_4&#8243; _builder_version=&#8221;4.16&#8243; custom_padding=&#8221;|||&#8221; global_colors_info=&#8221;{}&#8221; custom_padding__hover=&#8221;|||&#8221;][et_pb_image src=&#8221;https:\/\/www.usq.ca\/wp-content\/uploads\/2022\/01\/check.png&#8221; title_text=&#8221;check&#8221; align=&#8221;center&#8221; _builder_version=&#8221;4.16&#8243; _module_preset=&#8221;default&#8221; global_colors_info=&#8221;{}&#8221;][\/et_pb_image][et_pb_text admin_label=&#8221;CTA-Soumission&#8221; _builder_version=&#8221;4.16&#8243; header_5_text_color=&#8221;#7f4400&#8243; text_orientation=&#8221;center&#8221; max_width=&#8221;550px&#8221; module_alignment=&#8221;center&#8221; global_colors_info=&#8221;{}&#8221;]<\/p>\n<h5>Are you looking for a team of insulation experts<\/h5>\n<h2>for a new construction project or residential or commercial renovations?<\/h2>\n<p>We have acquired the skills and knowledge to guide you towards the best choices in order to obtain excellent returns for your investment.[\/et_pb_text][et_pb_button button_url=&#8221;#quote&#8221; button_text=&#8221;Request a quote&#8221; button_alignment=&#8221;center&#8221; _builder_version=&#8221;4.17.4&#8243; _module_preset=&#8221;default&#8221; global_colors_info=&#8221;{}&#8221;][\/et_pb_button][et_pb_text _builder_version=&#8221;4.16&#8243; _module_preset=&#8221;default&#8221; text_font=&#8221;|700|||||||&#8221; text_text_color=&#8221;#7f4400&#8243; text_orientation=&#8221;center&#8221; global_colors_info=&#8221;{}&#8221;]<\/p>\n<p>It&#8217;s free!<\/p>\n<p>[\/et_pb_text][\/et_pb_column][\/et_pb_row][\/et_pb_section][et_pb_section fb_built=&#8221;1&#8243; admin_label=&#8221;Popup &#8211; #quote&#8221; module_id=&#8221;quote&#8221; module_class=&#8221;popup close-alt single&#8221; _builder_version=&#8221;4.17.4&#8243; _module_preset=&#8221;default&#8221; max_width=&#8221;750px&#8221; module_alignment=&#8221;center&#8221; custom_margin=&#8221;0px|0px|0px|0px|true|true&#8221; custom_padding=&#8221;0px|0px|0px|0px|true|true&#8221; da_is_popup=&#8221;on&#8221; da_popup_slug=&#8221;quote&#8221; da_is_singular=&#8221;on&#8221; da_alt_close=&#8221;on&#8221; da_disable_devices=&#8221;off|off|off&#8221; locked=&#8221;off&#8221; global_colors_info=&#8221;{}&#8221; da_exit_intent=&#8221;off&#8221; da_has_close=&#8221;on&#8221; da_dark_close=&#8221;off&#8221; da_not_modal=&#8221;on&#8221; da_with_loader=&#8221;off&#8221; da_has_shadow=&#8221;on&#8221;][et_pb_row _builder_version=&#8221;4.17.4&#8243; _module_preset=&#8221;default&#8221; global_colors_info=&#8221;{}&#8221;][et_pb_column type=&#8221;4_4&#8243; _builder_version=&#8221;4.17.4&#8243; _module_preset=&#8221;default&#8221; global_colors_info=&#8221;{}&#8221;][et_pb_text _builder_version=&#8221;4.17.4&#8243; _module_preset=&#8221;default&#8221; global_colors_info=&#8221;{}&#8221;]<\/p>\n<h5 style=\"text-align: center;\">Are you looking for a team of insulation experts<\/h5>\n<h2 style=\"text-align: center;\">for a new construction project or residential or commercial renovations?<\/h2>\n<p style=\"text-align: center;\">We have acquired the skills and knowledge to guide you towards the best choices in order to obtain excellent returns for your investment.<\/p>\n<p>[\/et_pb_text][et_pb_text _builder_version=&#8221;4.17.4&#8243; _module_preset=&#8221;default&#8221; text_orientation=&#8221;center&#8221; global_colors_info=&#8221;{}&#8221;]<\/p>\n\n<div class=\"wpcf7 no-js\" id=\"wpcf7-f20106-o1\" lang=\"fr-CA\" dir=\"ltr\" data-wpcf7-id=\"20106\">\n<div class=\"screen-reader-response\"><p role=\"status\" aria-live=\"polite\" aria-atomic=\"true\"><\/p> <ul><\/ul><\/div>\n<form action=\"\/en\/wp-json\/wp\/v2\/pages\/20901#wpcf7-f20106-o1\" method=\"post\" class=\"wpcf7-form init\" aria-label=\"Contact form\" enctype=\"multipart\/form-data\" novalidate=\"novalidate\" data-status=\"init\">\n<fieldset class=\"hidden-fields-container\"><input type=\"hidden\" name=\"_wpcf7\" value=\"20106\" \/><input type=\"hidden\" name=\"_wpcf7_version\" value=\"6.1.5\" \/><input type=\"hidden\" name=\"_wpcf7_locale\" value=\"fr_CA\" \/><input type=\"hidden\" name=\"_wpcf7_unit_tag\" value=\"wpcf7-f20106-o1\" \/><input type=\"hidden\" name=\"_wpcf7_container_post\" value=\"0\" \/><input type=\"hidden\" name=\"_wpcf7_posted_data_hash\" value=\"\" \/><input type=\"hidden\" name=\"_wpcf7_recaptcha_response\" value=\"\" \/>\n<\/fieldset>\n<div class=\"col\">\n\t<p><span class=\"wpcf7-form-control-wrap\" data-name=\"first-name\"><input size=\"40\" maxlength=\"400\" class=\"wpcf7-form-control wpcf7-text\" aria-invalid=\"false\" placeholder=\"First name\" value=\"\" type=\"text\" name=\"first-name\" \/><\/span><span class=\"wpcf7-form-control-wrap\" data-name=\"last-name\"><input size=\"40\" maxlength=\"400\" class=\"wpcf7-form-control wpcf7-text margLeft\" aria-invalid=\"false\" placeholder=\"Last name\" value=\"\" type=\"text\" name=\"last-name\" \/><\/span>\n\t<\/p>\n<\/div>\n<div class=\"col\">\n\t<p><span class=\"wpcf7-form-control-wrap\" data-name=\"email\"><input size=\"40\" maxlength=\"400\" class=\"wpcf7-form-control wpcf7-email wpcf7-validates-as-required wpcf7-text wpcf7-validates-as-email\" aria-required=\"true\" aria-invalid=\"false\" placeholder=\"Email *\" value=\"\" type=\"email\" name=\"email\" \/><\/span><span class=\"wpcf7-form-control-wrap\" data-name=\"telephone\"><input size=\"40\" maxlength=\"400\" class=\"wpcf7-form-control wpcf7-text wpcf7-validates-as-required margLeft\" aria-required=\"true\" aria-invalid=\"false\" placeholder=\"Phone *\" value=\"\" type=\"text\" name=\"telephone\" \/><\/span>\n\t<\/p>\n<\/div>\n<p><span class=\"wpcf7-form-control-wrap\" data-name=\"file-563\"><input size=\"40\" class=\"wpcf7-form-control wpcf7-file\" accept=\"audio\/*,video\/*,image\/*\" aria-invalid=\"false\" type=\"file\" name=\"file-563\" \/><\/span><br \/>\n<span class=\"wpcf7-form-control-wrap\" data-name=\"your-message\"><textarea cols=\"40\" rows=\"10\" maxlength=\"2000\" class=\"wpcf7-form-control wpcf7-textarea\" aria-invalid=\"false\" placeholder=\"Message\" name=\"your-message\"><\/textarea><\/span><br \/>\n<input class=\"wpcf7-form-control wpcf7-submit has-spinner\" type=\"submit\" value=\"Submit\" \/>\n<\/p><div class=\"wpcf7-response-output\" aria-hidden=\"true\"><\/div>\n<\/form>\n<\/div>\n\n<p>[\/et_pb_text][\/et_pb_column][\/et_pb_row][\/et_pb_section]<\/p>\n","protected":false},"excerpt":{"rendered":"<p>Insulation experts Commercial, industrial and institutional buildings. Ur\u00e9thane Sup\u00e9rieur de Qu\u00e9bec offers you the following insulation services: thermal insulation acoustic insulation fireproofing air barrier vapor barrier In addition, our work complies with the most demanding building code standards and we support large-scale projects.Find out about our added valueInstallers of Huntsman Building Solutions\u2019 HEATLOK\u00ae SOYA HFO\u2122 [&hellip;]<\/p>\n","protected":false},"author":1,"featured_media":0,"parent":0,"menu_order":0,"comment_status":"closed","ping_status":"closed","template":"","meta":{"_et_pb_use_builder":"on","_et_pb_old_content":"","_et_gb_content_width":"","inline_featured_image":false,"footnotes":""},"class_list":["post-20901","page","type-page","status-publish","hentry"],"yoast_head":"<!-- This site is optimized with the Yoast SEO plugin v27.2 - https:\/\/yoast.com\/product\/yoast-seo-wordpress\/ -->\n<title>Commercial insulation | Ur\u00e9thane Sup\u00e9rieur de Qu\u00e9bec<\/title>\n<meta name=\"description\" content=\"Expert in commercial insulation. Our work meets the highest standards of the building code and we support large scale projects.\" \/>\n<meta name=\"robots\" content=\"index, follow, max-snippet:-1, max-image-preview:large, max-video-preview:-1\" \/>\n<link rel=\"canonical\" href=\"https:\/\/www.usq.ca\/en\/commercial-insulation\/\" \/>\n<meta property=\"og:locale\" content=\"en_US\" \/>\n<meta property=\"og:type\" content=\"article\" \/>\n<meta property=\"og:title\" content=\"Commercial insulation | Ur\u00e9thane Sup\u00e9rieur de Qu\u00e9bec\" \/>\n<meta property=\"og:description\" content=\"Expert in commercial insulation. Our work meets the highest standards of the building code and we support large scale projects.\" \/>\n<meta property=\"og:url\" content=\"https:\/\/www.usq.ca\/en\/commercial-insulation\/\" \/>\n<meta property=\"og:site_name\" content=\"Ur\u00e9thane Sup\u00e9rieur de Qu\u00e9bec | Isolation et insonorisation\" \/>\n<meta property=\"article:publisher\" content=\"https:\/\/www.facebook.com\/Ur%c3%a9thane-Sup%c3%a9rieur-de-Qu%c3%a9bec-inc-327972320586282\/\" \/>\n<meta property=\"article:modified_time\" content=\"2022-07-06T14:09:06+00:00\" \/>\n<meta property=\"og:image\" content=\"https:\/\/www.usq.ca\/wp-content\/uploads\/2020\/02\/isolation-du-grenier-mobile.jpg\" \/>\n\t<meta property=\"og:image:width\" content=\"600\" \/>\n\t<meta property=\"og:image:height\" content=\"300\" \/>\n\t<meta property=\"og:image:type\" content=\"image\/jpeg\" \/>\n<meta name=\"twitter:card\" content=\"summary_large_image\" \/>\n<meta name=\"twitter:label1\" content=\"Est. reading time\" \/>\n\t<meta name=\"twitter:data1\" content=\"7 minutes\" \/>\n<!-- \/ Yoast SEO plugin. -->","yoast_head_json":{"title":"Commercial insulation | Ur\u00e9thane Sup\u00e9rieur de Qu\u00e9bec","description":"Expert in commercial insulation. Our work meets the highest standards of the building code and we support large scale projects.","robots":{"index":"index","follow":"follow","max-snippet":"max-snippet:-1","max-image-preview":"max-image-preview:large","max-video-preview":"max-video-preview:-1"},"canonical":"https:\/\/www.usq.ca\/en\/commercial-insulation\/","og_locale":"en_US","og_type":"article","og_title":"Commercial insulation | Ur\u00e9thane Sup\u00e9rieur de Qu\u00e9bec","og_description":"Expert in commercial insulation. Our work meets the highest standards of the building code and we support large scale projects.","og_url":"https:\/\/www.usq.ca\/en\/commercial-insulation\/","og_site_name":"Ur\u00e9thane Sup\u00e9rieur de Qu\u00e9bec | Isolation et insonorisation","article_publisher":"https:\/\/www.facebook.com\/Ur%c3%a9thane-Sup%c3%a9rieur-de-Qu%c3%a9bec-inc-327972320586282\/","article_modified_time":"2022-07-06T14:09:06+00:00","og_image":[{"width":600,"height":300,"url":"https:\/\/www.usq.ca\/wp-content\/uploads\/2020\/02\/isolation-du-grenier-mobile.jpg","type":"image\/jpeg"}],"twitter_card":"summary_large_image","twitter_misc":{"Est. reading time":"7 minutes"},"schema":{"@context":"https:\/\/schema.org","@graph":[{"@type":"WebPage","@id":"https:\/\/www.usq.ca\/en\/commercial-insulation\/","url":"https:\/\/www.usq.ca\/en\/commercial-insulation\/","name":"Commercial insulation | Ur\u00e9thane Sup\u00e9rieur de Qu\u00e9bec","isPartOf":{"@id":"https:\/\/www.usq.ca\/en\/#website"},"datePublished":"2020-10-05T20:22:51+00:00","dateModified":"2022-07-06T14:09:06+00:00","description":"Expert in commercial insulation. Our work meets the highest standards of the building code and we support large scale projects.","breadcrumb":{"@id":"https:\/\/www.usq.ca\/en\/commercial-insulation\/#breadcrumb"},"inLanguage":"en-CA","potentialAction":[{"@type":"ReadAction","target":["https:\/\/www.usq.ca\/en\/commercial-insulation\/"]}]},{"@type":"BreadcrumbList","@id":"https:\/\/www.usq.ca\/en\/commercial-insulation\/#breadcrumb","itemListElement":[{"@type":"ListItem","position":1,"name":"Home","item":"https:\/\/www.usq.ca\/en\/"},{"@type":"ListItem","position":2,"name":"Commercial insulation"}]},{"@type":"WebSite","@id":"https:\/\/www.usq.ca\/en\/#website","url":"https:\/\/www.usq.ca\/en\/","name":"Ur\u00e9thane Sup\u00e9rieur de Qu\u00e9bec | Isolation et insonorisation","description":"","potentialAction":[{"@type":"SearchAction","target":{"@type":"EntryPoint","urlTemplate":"https:\/\/www.usq.ca\/en\/?s={search_term_string}"},"query-input":{"@type":"PropertyValueSpecification","valueRequired":true,"valueName":"search_term_string"}}],"inLanguage":"en-CA"}]}},"_links":{"self":[{"href":"https:\/\/www.usq.ca\/en\/wp-json\/wp\/v2\/pages\/20901","targetHints":{"allow":["GET"]}}],"collection":[{"href":"https:\/\/www.usq.ca\/en\/wp-json\/wp\/v2\/pages"}],"about":[{"href":"https:\/\/www.usq.ca\/en\/wp-json\/wp\/v2\/types\/page"}],"author":[{"embeddable":true,"href":"https:\/\/www.usq.ca\/en\/wp-json\/wp\/v2\/users\/1"}],"replies":[{"embeddable":true,"href":"https:\/\/www.usq.ca\/en\/wp-json\/wp\/v2\/comments?post=20901"}],"version-history":[{"count":0,"href":"https:\/\/www.usq.ca\/en\/wp-json\/wp\/v2\/pages\/20901\/revisions"}],"wp:attachment":[{"href":"https:\/\/www.usq.ca\/en\/wp-json\/wp\/v2\/media?parent=20901"}],"curies":[{"name":"wp","href":"https:\/\/api.w.org\/{rel}","templated":true}]}}